{"id":1136,"date":"2023-02-16T15:13:10","date_gmt":"2023-02-16T14:13:10","guid":{"rendered":"https:\/\/reltest.glts-cotech.de\/?page_id=1136"},"modified":"2023-09-18T10:17:22","modified_gmt":"2023-09-18T08:17:22","slug":"visualcheck","status":"publish","type":"page","link":"https:\/\/www.glts-cotech.de\/?page_id=1136","title":{"rendered":"VisualCheck"},"content":{"rendered":"\t\t<div data-elementor-type=\"wp-page\" data-elementor-id=\"1136\" class=\"elementor elementor-1136\">\n\t\t\t\t\t\t<section class=\"elementor-section elementor-top-section elementor-element elementor-element-699226dd elementor-section-height-min-height elementor-section-boxed elementor-section-height-default elementor-section-items-middle\" data-id=\"699226dd\" data-element_type=\"section\" data-e-type=\"section\" data-settings=\"{&quot;background_background&quot;:&quot;classic&quot;}\">\n\t\t\t\t\t\t<div class=\"elementor-container elementor-column-gap-default\">\n\t\t\t\t\t<div class=\"elementor-column elementor-col-100 elementor-top-column elementor-element elementor-element-50d9b02f\" data-id=\"50d9b02f\" data-element_type=\"column\" data-e-type=\"column\">\n\t\t\t<div class=\"elementor-widget-wrap\">\n\t\t\t\t\t\t\t<\/div>\n\t\t<\/div>\n\t\t\t\t\t<\/div>\n\t\t<\/section>\n\t\t\t\t<section class=\"elementor-section elementor-top-section elementor-element elementor-element-47e157da elementor-section-boxed elementor-section-height-default elementor-section-height-default\" data-id=\"47e157da\" data-element_type=\"section\" data-e-type=\"section\" data-settings=\"{&quot;background_background&quot;:&quot;classic&quot;}\">\n\t\t\t\t\t\t<div class=\"elementor-container elementor-column-gap-default\">\n\t\t\t\t\t<div class=\"elementor-column elementor-col-100 elementor-top-column elementor-element elementor-element-1a9c2a7b\" data-id=\"1a9c2a7b\" data-element_type=\"column\" data-e-type=\"column\">\n\t\t\t<div class=\"elementor-widget-wrap elementor-element-populated\">\n\t\t\t\t\t\t<div class=\"elementor-element elementor-element-7e670433 elementor-widget elementor-widget-text-editor\" data-id=\"7e670433\" data-element_type=\"widget\" data-e-type=\"widget\" data-widget_type=\"text-editor.default\">\n\t\t\t\t<div class=\"elementor-widget-container\">\n\t\t\t\t\t\t\t\t\t<p>VisualCheck<\/p>\t\t\t\t\t\t\t\t<\/div>\n\t\t\t\t<\/div>\n\t\t\t\t\t<\/div>\n\t\t<\/div>\n\t\t\t\t\t<\/div>\n\t\t<\/section>\n\t\t\t\t<section class=\"elementor-section elementor-top-section elementor-element elementor-element-71aa63a elementor-section-boxed elementor-section-height-default elementor-section-height-default\" data-id=\"71aa63a\" data-element_type=\"section\" data-e-type=\"section\">\n\t\t\t\t\t\t<div class=\"elementor-container elementor-column-gap-default\">\n\t\t\t\t\t<div class=\"elementor-column elementor-col-100 elementor-top-column elementor-element elementor-element-d5a67f3\" data-id=\"d5a67f3\" data-element_type=\"column\" data-e-type=\"column\">\n\t\t\t<div class=\"elementor-widget-wrap elementor-element-populated\">\n\t\t\t\t\t\t<div class=\"elementor-element elementor-element-eedc846 elementor-widget elementor-widget-text-editor\" data-id=\"eedc846\" data-element_type=\"widget\" data-e-type=\"widget\" data-widget_type=\"text-editor.default\">\n\t\t\t\t<div class=\"elementor-widget-container\">\n\t\t\t\t\t\t\t\t\t<h2 style=\"font-variant-caps: normal; font-family: Roboto, sans-serif; font-style: normal;\">\u00dcbersicht<\/h2>\n<p>Mit VisualCheck haben wir ein&nbsp;<span style=\"font-size: 16px; color: var( --e-global-color-text );\">auf der Nutzung von iPads basierendes System&nbsp;<\/span>zur Digitalisierung von Prozessen eingef\u00fchrt. <br>Von Wareneingangs-, Warenausgangs-, Warenkorbkontrollen, Qualit\u00e4tssicherung, Lagerrundg\u00e4ngen, Warenfilter, Dokumentation der Ladungssicherung, ADR-Checklisten, Frachttr\u00e4gereinheiten, Reparaturbedarfe, Schadensmeldungen und Transportsch\u00e4den bis zur vollumf\u00e4nglichen Pr\u00fcfung f\u00fcr GTL-Label, Leergutz\u00e4hlungen, Permanentinventuren, Erst-, Letztst\u00fcckpr\u00fcfungen sind hier individualisierte Pr\u00fcf- und Checklisten verf\u00fcgbar.<\/p>\n<p><span style=\"font-size: 16px; color: var( --e-global-color-text );\">Erg\u00e4nzend zur systematischen Abarbeitung der Men\u00fcpunkte besteht&nbsp;<\/span><span style=\"font-size: 16px; color: var( --e-global-color-text );\">die M\u00f6glichkeit, die Daten online zu \u00fcbertragen, Barcodes zu lesen und zur erweiternden Dokumentation&nbsp;<\/span><span style=\"font-size: 16px; color: var( --e-global-color-text );\">Fotos zu erstellen und dem Datensatz anzuh\u00e4ngen. <\/span><\/p>\n<p>Mit VisualCheck werden regelm\u00e4\u00dfig oder unregelm\u00e4\u00dfig wiederkehrende Dokumentationen und Prozessaufnahmen einfach, sicher und effizient direkt vor Ort erledigt. Der Entfall von manuellen Prozessen und Nachfragen und von Medienbr\u00fcchen sowie die fr\u00fchestm\u00f6gliche Digitalisierung f\u00fchrt zur Prozessinformation in Echtzeit &#8211; macht sofort auskunftsf\u00e4hig &#8211; und durchgehenden Dokumentation. Die gewonnene Transparenz und die sofort verf\u00fcgbaren Kennzahlen f\u00fchren zur Prozessverbesserung und -optimierung.<\/p>\n<h2>Anwendung<\/h2>\n<ul>\n<li style=\"list-style-type: none;\">\n<ul>\n<li>Inventuren aller Art<\/li>\n<li>Hofaufnahmen von Wechseleinheiten&nbsp;<span style=\"font-size: 16px; color: var( --e-global-color-text );\">Zustandsaufnahme bei Wechsel-\/ Tauschverfahren von Fahr<\/span><span style=\"font-size: 16px; color: var( --e-global-color-text );\">zeugen, Beh\u00e4ltern und sonstigen Tauschger\u00e4tschaften&nbsp;<br><\/span><\/li>\n<li><span style=\"font-size: 16px; color: var( --e-global-color-text );\">Elektronische Standardcheckliste (SOP) f\u00fcr Datenauf<\/span><span style=\"font-size: 16px; color: var( --e-global-color-text );\">nahmen oder Qualit\u00e4tskontrollen bzw. Prozessaudits<\/span><\/li>\n<\/ul>\n<\/li>\n<\/ul>\n<h2>Nutzen<\/h2>\n<ul>\n<li style=\"list-style-type: none;\">\n<ul>\n<li>Individuell schnell anpassbare Men\u00fcstruktur<\/li>\n<li>Einsatz von&nbsp;<span style=\"font-size: 16px; color: var( --e-global-color-text );\">Standardhardware (iPad), d.h. eine schnelle Erweiterung&nbsp;<\/span><span style=\"font-size: 16px; color: var( --e-global-color-text );\">des Systems ist jederzeit gegeben <\/span><\/li>\n<li><span style=\"font-size: 16px; color: var( --e-global-color-text );\">Die Daten stehen um<\/span><span style=\"font-size: 16px; color: var( --e-global-color-text );\">gehend zur Weiterverarbeitung zur Verf\u00fcgung, das be<\/span><span style=\"font-size: 16px; color: var( --e-global-color-text );\">deutet eine sofortige Auskunftsf\u00e4higkeit<\/span><\/li>\n<li><span style=\"font-size: 16px; color: var( --e-global-color-text );\">Eine zus\u00e4tzliche Erfassung<\/span><span style=\"font-size: 16px; color: var( --e-global-color-text );\">&nbsp;manuell aufgenommener Daten auf dem PC entf\u00e4llt, und somit auch R\u00fcckfragen zu undeutlichen Handschriften und bringt eine Minimierung der \u00dcbertragungs- und Tippfehler mit sich<\/span><\/li>\n<li><span style=\"font-size: 16px; color: var( --e-global-color-text );\">Die iPad\u2018s k\u00f6nnen ebenfalls&nbsp;<\/span><span style=\"font-size: 16px; color: var( --e-global-color-text );\">f\u00fcr sonstige Aufgaben genutzt werden.<\/span><\/li>\n<\/ul>\n<\/li>\n<\/ul>\t\t\t\t\t\t\t\t<\/div>\n\t\t\t\t<\/div>\n\t\t\t\t\t<\/div>\n\t\t<\/div>\n\t\t\t\t\t<\/div>\n\t\t<\/section>\n\t\t\t\t<section class=\"elementor-section elementor-top-section elementor-element elementor-element-e2e3268 elementor-section-boxed elementor-section-height-default elementor-section-height-default\" data-id=\"e2e3268\" data-element_type=\"section\" data-e-type=\"section\">\n\t\t\t\t\t\t<div class=\"elementor-container elementor-column-gap-default\">\n\t\t\t\t\t<div class=\"elementor-column elementor-col-100 elementor-top-column elementor-element elementor-element-0918341\" data-id=\"0918341\" data-element_type=\"column\" data-e-type=\"column\">\n\t\t\t<div class=\"elementor-widget-wrap elementor-element-populated\">\n\t\t\t\t\t\t<div class=\"elementor-element elementor-element-b5909d6 elementor-widget elementor-widget-image\" data-id=\"b5909d6\" data-element_type=\"widget\" data-e-type=\"widget\" data-widget_type=\"image.default\">\n\t\t\t\t<div class=\"elementor-widget-container\">\n\t\t\t\t\t\t\t\t\t\t\t\t\t\t\t\t<a href=\"\/wp-content\/uploads\/2023\/03\/VisualCheck.png\">\n\t\t\t\t\t\t\t<img fetchpriority=\"high\" decoding=\"async\" width=\"1024\" height=\"246\" src=\"https:\/\/www.glts-cotech.de\/wp-content\/uploads\/2023\/03\/VisualCheck-1024x246.png\" class=\"attachment-large size-large wp-image-2061\" alt=\"\" srcset=\"https:\/\/www.glts-cotech.de\/wp-content\/uploads\/2023\/03\/VisualCheck-1024x246.png 1024w, https:\/\/www.glts-cotech.de\/wp-content\/uploads\/2023\/03\/VisualCheck-300x72.png 300w, https:\/\/www.glts-cotech.de\/wp-content\/uploads\/2023\/03\/VisualCheck-768x185.png 768w, https:\/\/www.glts-cotech.de\/wp-content\/uploads\/2023\/03\/VisualCheck-1536x370.png 1536w, https:\/\/www.glts-cotech.de\/wp-content\/uploads\/2023\/03\/VisualCheck-2048x493.png 2048w\" sizes=\"(max-width: 1024px) 100vw, 1024px\" \/>\t\t\t\t\t\t\t\t<\/a>\n\t\t\t\t\t\t\t\t\t\t\t\t\t\t\t<\/div>\n\t\t\t\t<\/div>\n\t\t\t\t\t<\/div>\n\t\t<\/div>\n\t\t\t\t\t<\/div>\n\t\t<\/section>\n\t\t\t\t<section class=\"elementor-section elementor-top-section elementor-element elementor-element-623182e elementor-section-boxed elementor-section-height-default elementor-section-height-default\" data-id=\"623182e\" data-element_type=\"section\" data-e-type=\"section\">\n\t\t\t\t\t\t<div class=\"elementor-container elementor-column-gap-default\">\n\t\t\t\t\t<div class=\"elementor-column elementor-col-33 elementor-top-column elementor-element elementor-element-348eb04\" data-id=\"348eb04\" data-element_type=\"column\" data-e-type=\"column\">\n\t\t\t<div class=\"elementor-widget-wrap elementor-element-populated\">\n\t\t\t\t\t\t<div class=\"elementor-element elementor-element-dc4822b elementor-widget elementor-widget-image\" data-id=\"dc4822b\" data-element_type=\"widget\" data-e-type=\"widget\" data-widget_type=\"image.default\">\n\t\t\t\t<div class=\"elementor-widget-container\">\n\t\t\t\t\t\t\t\t\t\t\t\t\t\t\t\t<a href=\"\/wp-content\/uploads\/2023\/03\/iPad-Tastatur.png\">\n\t\t\t\t\t\t\t<img decoding=\"async\" width=\"648\" height=\"488\" src=\"https:\/\/www.glts-cotech.de\/wp-content\/uploads\/2023\/03\/iPad-Tastatur.png\" class=\"attachment-large size-large wp-image-2193\" alt=\"\" srcset=\"https:\/\/www.glts-cotech.de\/wp-content\/uploads\/2023\/03\/iPad-Tastatur.png 648w, https:\/\/www.glts-cotech.de\/wp-content\/uploads\/2023\/03\/iPad-Tastatur-300x226.png 300w\" sizes=\"(max-width: 648px) 100vw, 648px\" \/>\t\t\t\t\t\t\t\t<\/a>\n\t\t\t\t\t\t\t\t\t\t\t\t\t\t\t<\/div>\n\t\t\t\t<\/div>\n\t\t\t\t\t<\/div>\n\t\t<\/div>\n\t\t\t\t<div class=\"elementor-column elementor-col-33 elementor-top-column elementor-element elementor-element-bc1efc8\" data-id=\"bc1efc8\" data-element_type=\"column\" data-e-type=\"column\">\n\t\t\t<div class=\"elementor-widget-wrap elementor-element-populated\">\n\t\t\t\t\t\t<div class=\"elementor-element elementor-element-b649a68 elementor-widget elementor-widget-image\" data-id=\"b649a68\" data-element_type=\"widget\" data-e-type=\"widget\" data-widget_type=\"image.default\">\n\t\t\t\t<div class=\"elementor-widget-container\">\n\t\t\t\t\t\t\t\t\t\t\t\t\t\t\t\t<a href=\"\/wp-content\/uploads\/2023\/03\/Foto-Doku.png\">\n\t\t\t\t\t\t\t<img decoding=\"async\" width=\"226\" height=\"458\" src=\"https:\/\/www.glts-cotech.de\/wp-content\/uploads\/2023\/03\/Foto-Doku.png\" class=\"attachment-large size-large wp-image-2192\" alt=\"\" srcset=\"https:\/\/www.glts-cotech.de\/wp-content\/uploads\/2023\/03\/Foto-Doku.png 226w, https:\/\/www.glts-cotech.de\/wp-content\/uploads\/2023\/03\/Foto-Doku-148x300.png 148w\" sizes=\"(max-width: 226px) 100vw, 226px\" \/>\t\t\t\t\t\t\t\t<\/a>\n\t\t\t\t\t\t\t\t\t\t\t\t\t\t\t<\/div>\n\t\t\t\t<\/div>\n\t\t\t\t\t<\/div>\n\t\t<\/div>\n\t\t\t\t<div class=\"elementor-column elementor-col-33 elementor-top-column elementor-element elementor-element-2217c15\" data-id=\"2217c15\" data-element_type=\"column\" data-e-type=\"column\">\n\t\t\t<div class=\"elementor-widget-wrap elementor-element-populated\">\n\t\t\t\t\t\t<div class=\"elementor-element elementor-element-08058fe elementor-widget elementor-widget-image\" data-id=\"08058fe\" data-element_type=\"widget\" data-e-type=\"widget\" data-widget_type=\"image.default\">\n\t\t\t\t<div class=\"elementor-widget-container\">\n\t\t\t\t\t\t\t\t\t\t\t\t\t\t\t\t<a href=\"\/wp-content\/uploads\/2023\/03\/Signatur.png\">\n\t\t\t\t\t\t\t<img loading=\"lazy\" decoding=\"async\" width=\"694\" height=\"520\" src=\"https:\/\/www.glts-cotech.de\/wp-content\/uploads\/2023\/03\/Signatur.png\" class=\"attachment-large size-large wp-image-2194\" alt=\"\" srcset=\"https:\/\/www.glts-cotech.de\/wp-content\/uploads\/2023\/03\/Signatur.png 694w, https:\/\/www.glts-cotech.de\/wp-content\/uploads\/2023\/03\/Signatur-300x225.png 300w\" sizes=\"(max-width: 694px) 100vw, 694px\" \/>\t\t\t\t\t\t\t\t<\/a>\n\t\t\t\t\t\t\t\t\t\t\t\t\t\t\t<\/div>\n\t\t\t\t<\/div>\n\t\t\t\t\t<\/div>\n\t\t<\/div>\n\t\t\t\t\t<\/div>\n\t\t<\/section>\n\t\t\t\t<section class=\"elementor-section elementor-top-section elementor-element elementor-element-9fdee8a elementor-section-boxed elementor-section-height-default elementor-section-height-default\" data-id=\"9fdee8a\" data-element_type=\"section\" data-e-type=\"section\" data-settings=\"{&quot;background_background&quot;:&quot;gradient&quot;}\">\n\t\t\t\t\t\t<div class=\"elementor-container elementor-column-gap-default\">\n\t\t\t\t\t<div class=\"elementor-column elementor-col-33 elementor-top-column elementor-element elementor-element-d56568d\" data-id=\"d56568d\" data-element_type=\"column\" data-e-type=\"column\">\n\t\t\t<div class=\"elementor-widget-wrap elementor-element-populated\">\n\t\t\t\t\t\t<div class=\"elementor-element elementor-element-32cc103 elementor-widget elementor-widget-text-editor\" data-id=\"32cc103\" data-element_type=\"widget\" data-e-type=\"widget\" data-widget_type=\"text-editor.default\">\n\t\t\t\t<div class=\"elementor-widget-container\">\n\t\t\t\t\t\t\t\t\t<span style=\"color: #bfbfbf;\">glts cotech GmbH<\/span>\t\t\t\t\t\t\t\t<\/div>\n\t\t\t\t<\/div>\n\t\t\t\t<div class=\"elementor-element elementor-element-8708fb3 elementor-widget elementor-widget-text-editor\" data-id=\"8708fb3\" data-element_type=\"widget\" data-e-type=\"widget\" data-widget_type=\"text-editor.default\">\n\t\t\t\t<div class=\"elementor-widget-container\">\n\t\t\t\t\t\t\t\t\t<p><span style=\"color: #bfbfbf;\">Handelsplatz 1 b<\/span><br \/><span style=\"color: #bfbfbf;\">04319 Leipzig<\/span><br \/><span style=\"color: #bfbfbf;\">Tel. +49 341 6514405<\/span><br \/><span style=\"color: #bfbfbf;\">info@glts-cotech.de<\/span><\/p>\t\t\t\t\t\t\t\t<\/div>\n\t\t\t\t<\/div>\n\t\t\t\t\t<\/div>\n\t\t<\/div>\n\t\t\t\t<div class=\"elementor-column elementor-col-33 elementor-top-column elementor-element elementor-element-f4324ff\" data-id=\"f4324ff\" data-element_type=\"column\" data-e-type=\"column\">\n\t\t\t<div class=\"elementor-widget-wrap elementor-element-populated\">\n\t\t\t\t\t\t<div class=\"elementor-element elementor-element-cda04f5 elementor-widget elementor-widget-text-editor\" data-id=\"cda04f5\" data-element_type=\"widget\" data-e-type=\"widget\" data-widget_type=\"text-editor.default\">\n\t\t\t\t<div class=\"elementor-widget-container\">\n\t\t\t\t\t\t\t\t\t<p><a href=\"https:\/\/www.glts-cotech.de\/\" data-wplink-edit=\"true\"><span style=\"color: #bfbfbf;\">Schnell ans Ziel<\/span><\/a><\/p>\t\t\t\t\t\t\t\t<\/div>\n\t\t\t\t<\/div>\n\t\t\t\t<div class=\"elementor-element elementor-element-93d70e6 elementor-widget elementor-widget-text-editor\" data-id=\"93d70e6\" data-element_type=\"widget\" data-e-type=\"widget\" data-widget_type=\"text-editor.default\">\n\t\t\t\t<div class=\"elementor-widget-container\">\n\t\t\t\t\t\t\t\t\t<p><span style=\"color: #bfbfbf;\"><a style=\"color: #bfbfbf;\" href=\"\/?page_id=55\">Unternehmen<\/a><\/span><br \/><span style=\"color: #bfbfbf;\"><a style=\"color: #bfbfbf;\" href=\"\/?page_id=64\">Job &amp; Karriere<\/a><\/span><br \/><span style=\"color: #bfbfbf;\"><a style=\"color: #bfbfbf;\" href=\"\/?page_id=68\">F\u00f6rderung<\/a><\/span><br \/><span style=\"color: #bfbfbf;\"><a style=\"color: #bfbfbf;\" href=\"\/?page_id=61\">Service &amp; Support<\/a><\/span><\/p>\t\t\t\t\t\t\t\t<\/div>\n\t\t\t\t<\/div>\n\t\t\t\t\t<\/div>\n\t\t<\/div>\n\t\t\t\t<div class=\"elementor-column elementor-col-33 elementor-top-column elementor-element elementor-element-04012d3\" data-id=\"04012d3\" data-element_type=\"column\" data-e-type=\"column\">\n\t\t\t<div class=\"elementor-widget-wrap elementor-element-populated\">\n\t\t\t\t\t\t<div class=\"elementor-element elementor-element-abb8706 elementor-widget elementor-widget-text-editor\" data-id=\"abb8706\" data-element_type=\"widget\" data-e-type=\"widget\" data-widget_type=\"text-editor.default\">\n\t\t\t\t<div class=\"elementor-widget-container\">\n\t\t\t\t\t\t\t\t\t<p><span style=\"color: #ffffff;\"><span style=\"color: #bfbfbf;\"><a style=\"color: #bfbfbf;\" href=\"\/?page_id=58\">Produktbereiche<\/a><\/span><\/span><\/p>\t\t\t\t\t\t\t\t<\/div>\n\t\t\t\t<\/div>\n\t\t\t\t<div class=\"elementor-element elementor-element-cec021f elementor-widget elementor-widget-text-editor\" data-id=\"cec021f\" data-element_type=\"widget\" data-e-type=\"widget\" data-widget_type=\"text-editor.default\">\n\t\t\t\t<div class=\"elementor-widget-container\">\n\t\t\t\t\t\t\t\t\t<p><span style=\"color: #bfbfbf;\"><a style=\"color: #bfbfbf;\" href=\"\/?page_id=60\">Disposition &amp; Steuerung<\/a><\/span><br \/><span style=\"color: #bfbfbf;\"><a style=\"color: #bfbfbf;\" href=\"\/?page_id=71\">Prozessmonitoring<\/a><\/span><br \/><span style=\"color: #bfbfbf;\"><a style=\"color: #bfbfbf;\" href=\"\/?page_id=72\">QS &amp; Prozessdokumentation<\/a><\/span><br \/><span style=\"color: #bfbfbf;\"><a style=\"color: #bfbfbf;\" href=\"\/?page_id=501\">Individuelle L\u00f6sungen<\/a><\/span><br \/><span style=\"color: #bfbfbf;\"><a style=\"color: #bfbfbf;\" href=\"\/?page_id=74\">Smartphones f\u00fcr die Logistik &amp; MDM<\/a><\/span><br \/><span style=\"color: #bfbfbf;\"><a style=\"color: #bfbfbf;\" href=\"\/?page_id=75\">Digitale Strategien<\/a><\/span><\/p>\t\t\t\t\t\t\t\t<\/div>\n\t\t\t\t<\/div>\n\t\t\t\t\t<\/div>\n\t\t<\/div>\n\t\t\t\t\t<\/div>\n\t\t<\/section>\n\t\t\t\t<\/div>\n\t\t","protected":false},"excerpt":{"rendered":"<p>VisualCheck \u00dcbersicht Mit VisualCheck haben wir ein&nbsp;auf der Nutzung von iPads basierendes System&nbsp;zur Digitalisierung von Prozessen eingef\u00fchrt. Von Wareneingangs-, Warenausgangs-, Warenkorbkontrollen, Qualit\u00e4tssicherung, Lagerrundg\u00e4ngen, Warenfilter, Dokumentation der Ladungssicherung, ADR-Checklisten, Frachttr\u00e4gereinheiten, Reparaturbedarfe, Schadensmeldungen und Transportsch\u00e4den bis zur vollumf\u00e4nglichen Pr\u00fcfung f\u00fcr GTL-Label, Leergutz\u00e4hlungen, Permanentinventuren, Erst-, Letztst\u00fcckpr\u00fcfungen sind hier individualisierte Pr\u00fcf- und Checklisten verf\u00fcgbar. Erg\u00e4nzend zur systematischen Abarbeitung der [&hellip;]<\/p>\n","protected":false},"author":3,"featured_media":0,"parent":0,"menu_order":0,"comment_status":"closed","ping_status":"closed","template":"","meta":{"ocean_post_layout":"full-screen","ocean_both_sidebars_style":"","ocean_both_sidebars_content_width":0,"ocean_both_sidebars_sidebars_width":0,"ocean_sidebar":"0","ocean_second_sidebar":"0","ocean_disable_margins":"enable","ocean_add_body_class":"","ocean_shortcode_before_top_bar":"","ocean_shortcode_after_top_bar":"","ocean_shortcode_before_header":"","ocean_shortcode_after_header":"","ocean_has_shortcode":"","ocean_shortcode_after_title":"","ocean_shortcode_before_footer_widgets":"","ocean_shortcode_after_footer_widgets":"","ocean_shortcode_before_footer_bottom":"","ocean_shortcode_after_footer_bottom":"","ocean_display_top_bar":"default","ocean_display_header":"default","ocean_header_style":"","ocean_center_header_left_menu":"0","ocean_custom_header_template":"0","ocean_custom_logo":0,"ocean_custom_retina_logo":0,"ocean_custom_logo_max_width":0,"ocean_custom_logo_tablet_max_width":0,"ocean_custom_logo_mobile_max_width":0,"ocean_custom_logo_max_height":0,"ocean_custom_logo_tablet_max_height":0,"ocean_custom_logo_mobile_max_height":0,"ocean_header_custom_menu":"0","ocean_menu_typo_font_family":"0","ocean_menu_typo_font_subset":"","ocean_menu_typo_font_size":0,"ocean_menu_typo_font_size_tablet":0,"ocean_menu_typo_font_size_mobile":0,"ocean_menu_typo_font_size_unit":"px","ocean_menu_typo_font_weight":"","ocean_menu_typo_font_weight_tablet":"","ocean_menu_typo_font_weight_mobile":"","ocean_menu_typo_transform":"","ocean_menu_typo_transform_tablet":"","ocean_menu_typo_transform_mobile":"","ocean_menu_typo_line_height":0,"ocean_menu_typo_line_height_tablet":0,"ocean_menu_typo_line_height_mobile":0,"ocean_menu_typo_line_height_unit":"","ocean_menu_typo_spacing":0,"ocean_menu_typo_spacing_tablet":0,"ocean_menu_typo_spacing_mobile":0,"ocean_menu_typo_spacing_unit":"","ocean_menu_link_color":"","ocean_menu_link_color_hover":"","ocean_menu_link_color_active":"","ocean_menu_link_background":"","ocean_menu_link_hover_background":"","ocean_menu_link_active_background":"","ocean_menu_social_links_bg":"","ocean_menu_social_hover_links_bg":"","ocean_menu_social_links_color":"","ocean_menu_social_hover_links_color":"","ocean_disable_title":"on","ocean_disable_heading":"default","ocean_post_title":"","ocean_post_subheading":"","ocean_post_title_style":"","ocean_post_title_background_color":"","ocean_post_title_background":0,"ocean_post_title_bg_image_position":"","ocean_post_title_bg_image_attachment":"","ocean_post_title_bg_image_repeat":"","ocean_post_title_bg_image_size":"","ocean_post_title_height":0,"ocean_post_title_bg_overlay":0.5,"ocean_post_title_bg_overlay_color":"","ocean_disable_breadcrumbs":"default","ocean_breadcrumbs_color":"","ocean_breadcrumbs_separator_color":"","ocean_breadcrumbs_links_color":"","ocean_breadcrumbs_links_hover_color":"","ocean_display_footer_widgets":"default","ocean_display_footer_bottom":"default","ocean_custom_footer_template":"0","footnotes":""},"class_list":["post-1136","page","type-page","status-publish","hentry","entry"],"_links":{"self":[{"href":"https:\/\/www.glts-cotech.de\/index.php?rest_route=\/wp\/v2\/pages\/1136","targetHints":{"allow":["GET"]}}],"collection":[{"href":"https:\/\/www.glts-cotech.de\/index.php?rest_route=\/wp\/v2\/pages"}],"about":[{"href":"https:\/\/www.glts-cotech.de\/index.php?rest_route=\/wp\/v2\/types\/page"}],"author":[{"embeddable":true,"href":"https:\/\/www.glts-cotech.de\/index.php?rest_route=\/wp\/v2\/users\/3"}],"replies":[{"embeddable":true,"href":"https:\/\/www.glts-cotech.de\/index.php?rest_route=%2Fwp%2Fv2%2Fcomments&post=1136"}],"version-history":[{"count":59,"href":"https:\/\/www.glts-cotech.de\/index.php?rest_route=\/wp\/v2\/pages\/1136\/revisions"}],"predecessor-version":[{"id":4970,"href":"https:\/\/www.glts-cotech.de\/index.php?rest_route=\/wp\/v2\/pages\/1136\/revisions\/4970"}],"wp:attachment":[{"href":"https:\/\/www.glts-cotech.de\/index.php?rest_route=%2Fwp%2Fv2%2Fmedia&parent=1136"}],"curies":[{"name":"wp","href":"https:\/\/api.w.org\/{rel}","templated":true}]}}