{"id":1680,"date":"2023-02-23T08:31:00","date_gmt":"2023-02-23T07:31:00","guid":{"rendered":"https:\/\/reltest.glts-cotech.de\/?page_id=1680"},"modified":"2023-09-15T15:33:19","modified_gmt":"2023-09-15T13:33:19","slug":"hofsteuerung-yardmanagement","status":"publish","type":"page","link":"https:\/\/www.glts-cotech.de\/?page_id=1680","title":{"rendered":"Hofsteuerung \/ Yardmanagement"},"content":{"rendered":"\t\t<div data-elementor-type=\"wp-page\" data-elementor-id=\"1680\" class=\"elementor elementor-1680\">\n\t\t\t\t\t\t<section class=\"elementor-section elementor-top-section elementor-element elementor-element-458a99de elementor-section-height-min-height elementor-section-boxed elementor-section-height-default elementor-section-items-middle\" data-id=\"458a99de\" data-element_type=\"section\" data-e-type=\"section\" data-settings=\"{&quot;background_background&quot;:&quot;classic&quot;}\">\n\t\t\t\t\t\t<div class=\"elementor-container elementor-column-gap-default\">\n\t\t\t\t\t<div class=\"elementor-column elementor-col-100 elementor-top-column elementor-element elementor-element-797f1a19\" data-id=\"797f1a19\" data-element_type=\"column\" data-e-type=\"column\">\n\t\t\t<div class=\"elementor-widget-wrap\">\n\t\t\t\t\t\t\t<\/div>\n\t\t<\/div>\n\t\t\t\t\t<\/div>\n\t\t<\/section>\n\t\t\t\t<section class=\"elementor-section elementor-top-section elementor-element elementor-element-1d055722 elementor-section-boxed elementor-section-height-default elementor-section-height-default\" data-id=\"1d055722\" data-element_type=\"section\" data-e-type=\"section\" data-settings=\"{&quot;background_background&quot;:&quot;classic&quot;}\">\n\t\t\t\t\t\t<div class=\"elementor-container elementor-column-gap-default\">\n\t\t\t\t\t<div class=\"elementor-column elementor-col-100 elementor-top-column elementor-element elementor-element-5c7fdb40\" data-id=\"5c7fdb40\" data-element_type=\"column\" data-e-type=\"column\">\n\t\t\t<div class=\"elementor-widget-wrap elementor-element-populated\">\n\t\t\t\t\t\t<div class=\"elementor-element elementor-element-54413c2d elementor-widget elementor-widget-text-editor\" data-id=\"54413c2d\" data-element_type=\"widget\" data-e-type=\"widget\" data-widget_type=\"text-editor.default\">\n\t\t\t\t<div class=\"elementor-widget-container\">\n\t\t\t\t\t\t\t\t\t<p>Hofsteuerung \/ Yardmanagement<\/p>\t\t\t\t\t\t\t\t<\/div>\n\t\t\t\t<\/div>\n\t\t\t\t\t<\/div>\n\t\t<\/div>\n\t\t\t\t\t<\/div>\n\t\t<\/section>\n\t\t\t\t<section class=\"elementor-section elementor-top-section elementor-element elementor-element-15ff2df elementor-section-boxed elementor-section-height-default elementor-section-height-default\" data-id=\"15ff2df\" data-element_type=\"section\" data-e-type=\"section\">\n\t\t\t\t\t\t<div class=\"elementor-container elementor-column-gap-default\">\n\t\t\t\t\t<div class=\"elementor-column elementor-col-50 elementor-top-column elementor-element elementor-element-29adfe3\" data-id=\"29adfe3\" data-element_type=\"column\" data-e-type=\"column\">\n\t\t\t<div class=\"elementor-widget-wrap elementor-element-populated\">\n\t\t\t\t\t\t<div class=\"elementor-element elementor-element-4afbec7 elementor-widget elementor-widget-text-editor\" data-id=\"4afbec7\" data-element_type=\"widget\" data-e-type=\"widget\" data-widget_type=\"text-editor.default\">\n\t\t\t\t<div class=\"elementor-widget-container\">\n\t\t\t\t\t\t\t\t\t<h2>\u00dcbersicht<\/h2><p style=\"font-weight: 400;\">Unser Yardmanagementsystem macht auch komplexe Prozesse transparent und messbar. Beginnend bei der ZF-Vergabe \u00fcber die gezielte Einsteuerung, der \u00dcbernahme, der Messung von Warte-, Anstell-, Bereitstellungs-, Abfertigungsdauer, der Ladungssicherung bis zur \u00dcbergabe werden alle relevanten Prozessschritte dokumentiert und auf Prozesskonformit\u00e4t bewertet. Dies beinhaltet auch die \u00dcberwachung der Reparatur und der vorgeschriebenen Pr\u00fcftermine. Alle Kennzahlen und Statistiken werden kostenstellengenau erfasst.<\/p><p style=\"font-weight: 400;\">Die gewonnenen Informationen dienen der Bewertung, Dokumentation, Planung und fortlaufenden Prozessverbesserung. Dadurch k\u00f6nnen Sie Ihre Prozesse effizienter gestalten, Kosten senken und die Qualit\u00e4t Ihrer Produkte und Dienstleistungen verbessern.<\/p>\t\t\t\t\t\t\t\t<\/div>\n\t\t\t\t<\/div>\n\t\t\t\t\t<\/div>\n\t\t<\/div>\n\t\t\t\t<div class=\"elementor-column elementor-col-50 elementor-top-column elementor-element elementor-element-dd656b0\" data-id=\"dd656b0\" data-element_type=\"column\" data-e-type=\"column\">\n\t\t\t<div class=\"elementor-widget-wrap elementor-element-populated\">\n\t\t\t\t\t\t<div class=\"elementor-element elementor-element-81a2688 elementor-widget elementor-widget-image\" data-id=\"81a2688\" data-element_type=\"widget\" data-e-type=\"widget\" data-widget_type=\"image.default\">\n\t\t\t\t<div class=\"elementor-widget-container\">\n\t\t\t\t\t\t\t\t\t\t\t\t\t\t\t\t<a href=\"https:\/\/reltest.glts-cotech.de\/wp-content\/uploads\/2023\/05\/HS_Diagramm-1.png\">\n\t\t\t\t\t\t\t<img decoding=\"async\" src=\"https:\/\/reltest.glts-cotech.de\/wp-content\/uploads\/2023\/05\/HS_Diagramm-1.png\" title=\"\" alt=\"\" loading=\"lazy\" \/>\t\t\t\t\t\t\t\t<\/a>\n\t\t\t\t\t\t\t\t\t\t\t\t\t\t\t<\/div>\n\t\t\t\t<\/div>\n\t\t\t\t<div class=\"elementor-element elementor-element-5e8fb1d elementor-widget elementor-widget-image\" data-id=\"5e8fb1d\" data-element_type=\"widget\" data-e-type=\"widget\" data-widget_type=\"image.default\">\n\t\t\t\t<div class=\"elementor-widget-container\">\n\t\t\t\t\t\t\t\t\t\t\t\t\t\t\t\t<a href=\"\/wp-content\/uploads\/2023\/05\/Trailer-1a.png\">\n\t\t\t\t\t\t\t<img fetchpriority=\"high\" decoding=\"async\" width=\"232\" height=\"300\" src=\"https:\/\/www.glts-cotech.de\/wp-content\/uploads\/2023\/05\/Trailer-1a-232x300.png\" class=\"attachment-medium size-medium wp-image-3432\" alt=\"\" srcset=\"https:\/\/www.glts-cotech.de\/wp-content\/uploads\/2023\/05\/Trailer-1a-232x300.png 232w, https:\/\/www.glts-cotech.de\/wp-content\/uploads\/2023\/05\/Trailer-1a.png 594w\" sizes=\"(max-width: 232px) 100vw, 232px\" \/>\t\t\t\t\t\t\t\t<\/a>\n\t\t\t\t\t\t\t\t\t\t\t\t\t\t\t<\/div>\n\t\t\t\t<\/div>\n\t\t\t\t\t<\/div>\n\t\t<\/div>\n\t\t\t\t\t<\/div>\n\t\t<\/section>\n\t\t\t\t<section class=\"elementor-section elementor-top-section elementor-element elementor-element-88f9f4b elementor-section-boxed elementor-section-height-default elementor-section-height-default\" data-id=\"88f9f4b\" data-element_type=\"section\" data-e-type=\"section\">\n\t\t\t\t\t\t<div class=\"elementor-container elementor-column-gap-default\">\n\t\t\t\t\t<div class=\"elementor-column elementor-col-100 elementor-top-column elementor-element elementor-element-2bdec2b\" data-id=\"2bdec2b\" data-element_type=\"column\" data-e-type=\"column\">\n\t\t\t<div class=\"elementor-widget-wrap elementor-element-populated\">\n\t\t\t\t\t\t<div class=\"elementor-element elementor-element-fd10ef8 elementor-widget elementor-widget-text-editor\" data-id=\"fd10ef8\" data-element_type=\"widget\" data-e-type=\"widget\" data-widget_type=\"text-editor.default\">\n\t\t\t\t<div class=\"elementor-widget-container\">\n\t\t\t\t\t\t\t\t\t<h2>Funktion<\/h2>\n<p>Der Zulauf, die Einfahrten, die Ausfahrten, die Abrufe, die Anstellungen an die Rampen oder Tore werden im System in den Arbeitsschritten der Abfertigung gemessen und aufgezeichnet. Daf\u00fcr werden die beteiligten Bereiche wie die Wache, die B\u00fcros f\u00fcr die Bearbeitung der Papiere, die Rampen, die Gabelstapler und Flurf\u00f6rderzeuge an das Yardmanagementsystem angebunden. Die gewonnenen Daten laufen zentral zusammen, werden verarbeitet, visualisiert und zu Kennzahlen aufbereitet. Die gewonnenen Prozessinformationen werden f\u00fcr alle Prozessbeteiligten aufbereitet dargestellt und statistisch ausgewertet.<\/p>\t\t\t\t\t\t\t\t<\/div>\n\t\t\t\t<\/div>\n\t\t\t\t\t<\/div>\n\t\t<\/div>\n\t\t\t\t\t<\/div>\n\t\t<\/section>\n\t\t\t\t<section class=\"elementor-section elementor-top-section elementor-element elementor-element-55be72a elementor-section-boxed elementor-section-height-default elementor-section-height-default\" data-id=\"55be72a\" data-element_type=\"section\" data-e-type=\"section\">\n\t\t\t\t\t\t<div class=\"elementor-container elementor-column-gap-default\">\n\t\t\t\t\t<div class=\"elementor-column elementor-col-100 elementor-top-column elementor-element elementor-element-20e6f29\" data-id=\"20e6f29\" data-element_type=\"column\" data-e-type=\"column\">\n\t\t\t<div class=\"elementor-widget-wrap elementor-element-populated\">\n\t\t\t\t\t\t<div class=\"elementor-element elementor-element-6c2d90e elementor-widget elementor-widget-text-editor\" data-id=\"6c2d90e\" data-element_type=\"widget\" data-e-type=\"widget\" data-widget_type=\"text-editor.default\">\n\t\t\t\t<div class=\"elementor-widget-container\">\n\t\t\t\t\t\t\t\t\t<h2>Nutzen<\/h2><p>Mit dem System Hofsteuerung werden die Arbeitsschritte der Abfertigung der Traileryards messbar und transparent. Das System macht in Echtzeit auskunftsf\u00e4hig, die Prozessschritte werden \u00fcberschaubar und mit den gewonnenen Kennzahlen dokumentier- und optimierbar. Durch die Konzentration aller Daten auf einer Seite ist der gesamte Vorgang ersichtlich und bietet so einen schnellstm\u00f6glichen \u00dcberblick.<\/p><p>In Zusammenarbeit mit dem Modul VisualCheck ist somit eine genaue und revisionssicher Nachverfolgung der Ein- und Ausfahrten m\u00f6glich.<br \/><br \/><\/p>\t\t\t\t\t\t\t\t<\/div>\n\t\t\t\t<\/div>\n\t\t\t\t\t<\/div>\n\t\t<\/div>\n\t\t\t\t\t<\/div>\n\t\t<\/section>\n\t\t\t\t<section class=\"elementor-section elementor-top-section elementor-element elementor-element-5e4cef1 elementor-section-boxed elementor-section-height-default elementor-section-height-default\" data-id=\"5e4cef1\" data-element_type=\"section\" data-e-type=\"section\">\n\t\t\t\t\t\t<div class=\"elementor-container elementor-column-gap-default\">\n\t\t\t\t\t<div class=\"elementor-column elementor-col-100 elementor-top-column elementor-element elementor-element-0b9035a\" data-id=\"0b9035a\" data-element_type=\"column\" data-e-type=\"column\">\n\t\t\t<div class=\"elementor-widget-wrap elementor-element-populated\">\n\t\t\t\t\t\t<div class=\"elementor-element elementor-element-ccf0532 elementor-widget__width-initial elementor-widget elementor-widget-image\" data-id=\"ccf0532\" data-element_type=\"widget\" data-e-type=\"widget\" data-widget_type=\"image.default\">\n\t\t\t\t<div class=\"elementor-widget-container\">\n\t\t\t\t\t\t\t\t\t\t\t\t\t\t\t\t<a href=\"\/wp-content\/uploads\/2023\/08\/HS_Steuerung.png\">\n\t\t\t\t\t\t\t<img decoding=\"async\" width=\"1024\" height=\"380\" src=\"https:\/\/www.glts-cotech.de\/wp-content\/uploads\/2023\/08\/HS_Steuerung-1024x380.png\" class=\"attachment-large size-large wp-image-4343\" alt=\"\" srcset=\"https:\/\/www.glts-cotech.de\/wp-content\/uploads\/2023\/08\/HS_Steuerung-1024x380.png 1024w, https:\/\/www.glts-cotech.de\/wp-content\/uploads\/2023\/08\/HS_Steuerung-300x111.png 300w, https:\/\/www.glts-cotech.de\/wp-content\/uploads\/2023\/08\/HS_Steuerung-768x285.png 768w, https:\/\/www.glts-cotech.de\/wp-content\/uploads\/2023\/08\/HS_Steuerung-1536x570.png 1536w, https:\/\/www.glts-cotech.de\/wp-content\/uploads\/2023\/08\/HS_Steuerung.png 1968w\" sizes=\"(max-width: 1024px) 100vw, 1024px\" \/>\t\t\t\t\t\t\t\t<\/a>\n\t\t\t\t\t\t\t\t\t\t\t\t\t\t\t<\/div>\n\t\t\t\t<\/div>\n\t\t\t\t\t<\/div>\n\t\t<\/div>\n\t\t\t\t\t<\/div>\n\t\t<\/section>\n\t\t\t\t<section class=\"elementor-section elementor-top-section elementor-element elementor-element-6011f6a elementor-section-boxed elementor-section-height-default elementor-section-height-default\" data-id=\"6011f6a\" data-element_type=\"section\" data-e-type=\"section\" data-settings=\"{&quot;background_background&quot;:&quot;gradient&quot;}\">\n\t\t\t\t\t\t<div class=\"elementor-container elementor-column-gap-default\">\n\t\t\t\t\t<div class=\"elementor-column elementor-col-33 elementor-top-column elementor-element elementor-element-44f2699\" data-id=\"44f2699\" data-element_type=\"column\" data-e-type=\"column\">\n\t\t\t<div class=\"elementor-widget-wrap elementor-element-populated\">\n\t\t\t\t\t\t<div class=\"elementor-element elementor-element-abb5c69 elementor-widget elementor-widget-text-editor\" data-id=\"abb5c69\" data-element_type=\"widget\" data-e-type=\"widget\" data-widget_type=\"text-editor.default\">\n\t\t\t\t<div class=\"elementor-widget-container\">\n\t\t\t\t\t\t\t\t\t<span style=\"color: #bfbfbf;\">glts cotech GmbH<\/span>\t\t\t\t\t\t\t\t<\/div>\n\t\t\t\t<\/div>\n\t\t\t\t<div class=\"elementor-element elementor-element-2afd885 elementor-widget elementor-widget-text-editor\" data-id=\"2afd885\" data-element_type=\"widget\" data-e-type=\"widget\" data-widget_type=\"text-editor.default\">\n\t\t\t\t<div class=\"elementor-widget-container\">\n\t\t\t\t\t\t\t\t\t<p><span style=\"color: #bfbfbf;\">Handelsplatz 1 b<\/span><br \/><span style=\"color: #bfbfbf;\">04319 Leipzig<\/span><br \/><span style=\"color: #bfbfbf;\">Tel. +49 341 6514405<\/span><br \/><span style=\"color: #bfbfbf;\">info@glts-cotech.de<\/span><\/p>\t\t\t\t\t\t\t\t<\/div>\n\t\t\t\t<\/div>\n\t\t\t\t\t<\/div>\n\t\t<\/div>\n\t\t\t\t<div class=\"elementor-column elementor-col-33 elementor-top-column elementor-element elementor-element-c0ddf30\" data-id=\"c0ddf30\" data-element_type=\"column\" data-e-type=\"column\">\n\t\t\t<div class=\"elementor-widget-wrap elementor-element-populated\">\n\t\t\t\t\t\t<div class=\"elementor-element elementor-element-e6ada7d elementor-widget elementor-widget-text-editor\" data-id=\"e6ada7d\" data-element_type=\"widget\" data-e-type=\"widget\" data-widget_type=\"text-editor.default\">\n\t\t\t\t<div class=\"elementor-widget-container\">\n\t\t\t\t\t\t\t\t\t<p><a href=\"https:\/\/www.glts-cotech.de\/\"><span style=\"color: #bfbfbf;\">Schnell ans Ziel<\/span><\/a><\/p>\t\t\t\t\t\t\t\t<\/div>\n\t\t\t\t<\/div>\n\t\t\t\t<div class=\"elementor-element elementor-element-7f3f0e5 elementor-widget elementor-widget-text-editor\" data-id=\"7f3f0e5\" data-element_type=\"widget\" data-e-type=\"widget\" data-widget_type=\"text-editor.default\">\n\t\t\t\t<div class=\"elementor-widget-container\">\n\t\t\t\t\t\t\t\t\t<p><span style=\"color: #bfbfbf;\"><a style=\"color: #bfbfbf;\" href=\"\/?page_id=55\">Unternehmen<\/a><\/span><br \/><span style=\"color: #bfbfbf;\"><a style=\"color: #bfbfbf;\" href=\"\/?page_id=64\">Job &amp; Karriere<\/a><\/span><br \/><span style=\"color: #bfbfbf;\"><a style=\"color: #bfbfbf;\" href=\"\/?page_id=68\">F\u00f6rderung<\/a><\/span><br \/><span style=\"color: #bfbfbf;\"><a style=\"color: #bfbfbf;\" href=\"\/?page_id=61\">Service &amp; Support<\/a><\/span><\/p>\t\t\t\t\t\t\t\t<\/div>\n\t\t\t\t<\/div>\n\t\t\t\t\t<\/div>\n\t\t<\/div>\n\t\t\t\t<div class=\"elementor-column elementor-col-33 elementor-top-column elementor-element elementor-element-5c6093e\" data-id=\"5c6093e\" data-element_type=\"column\" data-e-type=\"column\">\n\t\t\t<div class=\"elementor-widget-wrap elementor-element-populated\">\n\t\t\t\t\t\t<div class=\"elementor-element elementor-element-d6d1f7a elementor-widget elementor-widget-text-editor\" data-id=\"d6d1f7a\" data-element_type=\"widget\" data-e-type=\"widget\" data-widget_type=\"text-editor.default\">\n\t\t\t\t<div class=\"elementor-widget-container\">\n\t\t\t\t\t\t\t\t\t<p><span style=\"color: #ffffff;\"><span style=\"color: #bfbfbf;\"><a style=\"color: #bfbfbf;\" href=\"\/?page_id=58\">Produktbereiche<\/a><\/span><\/span><\/p>\t\t\t\t\t\t\t\t<\/div>\n\t\t\t\t<\/div>\n\t\t\t\t<div class=\"elementor-element elementor-element-44c6651 elementor-widget elementor-widget-text-editor\" data-id=\"44c6651\" data-element_type=\"widget\" data-e-type=\"widget\" data-widget_type=\"text-editor.default\">\n\t\t\t\t<div class=\"elementor-widget-container\">\n\t\t\t\t\t\t\t\t\t<p><span style=\"color: #bfbfbf;\"><a style=\"color: #bfbfbf;\" href=\"\/?page_id=60\">Disposition &amp; Steuerung<\/a><\/span><br \/><span style=\"color: #bfbfbf;\"><a style=\"color: #bfbfbf;\" href=\"\/?page_id=71\">Prozessmonitoring<\/a><\/span><br \/><span style=\"color: #bfbfbf;\"><a style=\"color: #bfbfbf;\" href=\"\/?page_id=72\">QS &amp; Prozessdokumentation<\/a><\/span><br \/><span style=\"color: #bfbfbf;\"><a style=\"color: #bfbfbf;\" href=\"\/?page_id=501\">Individuelle L\u00f6sungen<\/a><\/span><br \/><span style=\"color: #bfbfbf;\"><a style=\"color: #bfbfbf;\" href=\"\/?page_id=74\">Smartphones f\u00fcr die Logistik &amp; MDM<\/a><\/span><br \/><span style=\"color: #bfbfbf;\"><a style=\"color: #bfbfbf;\" href=\"\/?page_id=75\">Digitale Strategien<\/a><\/span><\/p>\t\t\t\t\t\t\t\t<\/div>\n\t\t\t\t<\/div>\n\t\t\t\t\t<\/div>\n\t\t<\/div>\n\t\t\t\t\t<\/div>\n\t\t<\/section>\n\t\t\t\t<\/div>\n\t\t","protected":false},"excerpt":{"rendered":"<p>Hofsteuerung \/ Yardmanagement \u00dcbersicht Unser Yardmanagementsystem macht auch komplexe Prozesse transparent und messbar. Beginnend bei der ZF-Vergabe \u00fcber die gezielte Einsteuerung, der \u00dcbernahme, der Messung von Warte-, Anstell-, Bereitstellungs-, Abfertigungsdauer, der Ladungssicherung bis zur \u00dcbergabe werden alle relevanten Prozessschritte dokumentiert und auf Prozesskonformit\u00e4t bewertet. Dies beinhaltet auch die \u00dcberwachung der Reparatur und der vorgeschriebenen Pr\u00fcftermine. [&hellip;]<\/p>\n","protected":false},"author":3,"featured_media":0,"parent":0,"menu_order":0,"comment_status":"closed","ping_status":"closed","template":"","meta":{"ocean_post_layout":"full-screen","ocean_both_sidebars_style":"","ocean_both_sidebars_content_width":0,"ocean_both_sidebars_sidebars_width":0,"ocean_sidebar":"0","ocean_second_sidebar":"0","ocean_disable_margins":"enable","ocean_add_body_class":"","ocean_shortcode_before_top_bar":"","ocean_shortcode_after_top_bar":"","ocean_shortcode_before_header":"","ocean_shortcode_after_header":"","ocean_has_shortcode":"","ocean_shortcode_after_title":"","ocean_shortcode_before_footer_widgets":"","ocean_shortcode_after_footer_widgets":"","ocean_shortcode_before_footer_bottom":"","ocean_shortcode_after_footer_bottom":"","ocean_display_top_bar":"default","ocean_display_header":"default","ocean_header_style":"","ocean_center_header_left_menu":"0","ocean_custom_header_template":"0","ocean_custom_logo":0,"ocean_custom_retina_logo":0,"ocean_custom_logo_max_width":0,"ocean_custom_logo_tablet_max_width":0,"ocean_custom_logo_mobile_max_width":0,"ocean_custom_logo_max_height":0,"ocean_custom_logo_tablet_max_height":0,"ocean_custom_logo_mobile_max_height":0,"ocean_header_custom_menu":"0","ocean_menu_typo_font_family":"0","ocean_menu_typo_font_subset":"","ocean_menu_typo_font_size":0,"ocean_menu_typo_font_size_tablet":0,"ocean_menu_typo_font_size_mobile":0,"ocean_menu_typo_font_size_unit":"px","ocean_menu_typo_font_weight":"","ocean_menu_typo_font_weight_tablet":"","ocean_menu_typo_font_weight_mobile":"","ocean_menu_typo_transform":"","ocean_menu_typo_transform_tablet":"","ocean_menu_typo_transform_mobile":"","ocean_menu_typo_line_height":0,"ocean_menu_typo_line_height_tablet":0,"ocean_menu_typo_line_height_mobile":0,"ocean_menu_typo_line_height_unit":"","ocean_menu_typo_spacing":0,"ocean_menu_typo_spacing_tablet":0,"ocean_menu_typo_spacing_mobile":0,"ocean_menu_typo_spacing_unit":"","ocean_menu_link_color":"","ocean_menu_link_color_hover":"","ocean_menu_link_color_active":"","ocean_menu_link_background":"","ocean_menu_link_hover_background":"","ocean_menu_link_active_background":"","ocean_menu_social_links_bg":"","ocean_menu_social_hover_links_bg":"","ocean_menu_social_links_color":"","ocean_menu_social_hover_links_color":"","ocean_disable_title":"on","ocean_disable_heading":"default","ocean_post_title":"","ocean_post_subheading":"","ocean_post_title_style":"","ocean_post_title_background_color":"","ocean_post_title_background":0,"ocean_post_title_bg_image_position":"","ocean_post_title_bg_image_attachment":"","ocean_post_title_bg_image_repeat":"","ocean_post_title_bg_image_size":"","ocean_post_title_height":0,"ocean_post_title_bg_overlay":0.5,"ocean_post_title_bg_overlay_color":"","ocean_disable_breadcrumbs":"default","ocean_breadcrumbs_color":"","ocean_breadcrumbs_separator_color":"","ocean_breadcrumbs_links_color":"","ocean_breadcrumbs_links_hover_color":"","ocean_display_footer_widgets":"default","ocean_display_footer_bottom":"default","ocean_custom_footer_template":"0","footnotes":""},"class_list":["post-1680","page","type-page","status-publish","hentry","entry"],"_links":{"self":[{"href":"https:\/\/www.glts-cotech.de\/index.php?rest_route=\/wp\/v2\/pages\/1680","targetHints":{"allow":["GET"]}}],"collection":[{"href":"https:\/\/www.glts-cotech.de\/index.php?rest_route=\/wp\/v2\/pages"}],"about":[{"href":"https:\/\/www.glts-cotech.de\/index.php?rest_route=\/wp\/v2\/types\/page"}],"author":[{"embeddable":true,"href":"https:\/\/www.glts-cotech.de\/index.php?rest_route=\/wp\/v2\/users\/3"}],"replies":[{"embeddable":true,"href":"https:\/\/www.glts-cotech.de\/index.php?rest_route=%2Fwp%2Fv2%2Fcomments&post=1680"}],"version-history":[{"count":94,"href":"https:\/\/www.glts-cotech.de\/index.php?rest_route=\/wp\/v2\/pages\/1680\/revisions"}],"predecessor-version":[{"id":4847,"href":"https:\/\/www.glts-cotech.de\/index.php?rest_route=\/wp\/v2\/pages\/1680\/revisions\/4847"}],"wp:attachment":[{"href":"https:\/\/www.glts-cotech.de\/index.php?rest_route=%2Fwp%2Fv2%2Fmedia&parent=1680"}],"curies":[{"name":"wp","href":"https:\/\/api.w.org\/{rel}","templated":true}]}}