{"id":5038,"date":"2023-11-16T09:05:41","date_gmt":"2023-11-16T08:05:41","guid":{"rendered":"https:\/\/www.glts-cotech.de\/?page_id=5038"},"modified":"2025-05-08T15:15:22","modified_gmt":"2025-05-08T13:15:22","slug":"forschungsprojekt-absolut-ii-pressemitteilung","status":"publish","type":"page","link":"https:\/\/www.glts-cotech.de\/?page_id=5038","title":{"rendered":"Forschungsprojekt ABSOLUT II Pressemitteilung"},"content":{"rendered":"\t\t<div data-elementor-type=\"wp-page\" data-elementor-id=\"5038\" class=\"elementor elementor-5038\">\n\t\t\t\t\t\t<section class=\"elementor-section elementor-top-section elementor-element elementor-element-85b8095 elementor-section-height-min-height elementor-section-boxed elementor-section-height-default elementor-section-items-middle\" data-id=\"85b8095\" data-element_type=\"section\" data-e-type=\"section\" data-settings=\"{&quot;background_background&quot;:&quot;classic&quot;}\">\n\t\t\t\t\t\t<div class=\"elementor-container elementor-column-gap-default\">\n\t\t\t\t\t<div class=\"elementor-column elementor-col-100 elementor-top-column elementor-element elementor-element-e9fbe90\" data-id=\"e9fbe90\" data-element_type=\"column\" data-e-type=\"column\">\n\t\t\t<div class=\"elementor-widget-wrap\">\n\t\t\t\t\t\t\t<\/div>\n\t\t<\/div>\n\t\t\t\t\t<\/div>\n\t\t<\/section>\n\t\t\t\t<section class=\"elementor-section elementor-top-section elementor-element elementor-element-43a5a03 elementor-section-boxed elementor-section-height-default elementor-section-height-default\" data-id=\"43a5a03\" data-element_type=\"section\" data-e-type=\"section\" data-settings=\"{&quot;background_background&quot;:&quot;classic&quot;}\">\n\t\t\t\t\t\t<div class=\"elementor-container elementor-column-gap-default\">\n\t\t\t\t\t<div class=\"elementor-column elementor-col-100 elementor-top-column elementor-element elementor-element-eb999c0\" data-id=\"eb999c0\" data-element_type=\"column\" data-e-type=\"column\">\n\t\t\t<div class=\"elementor-widget-wrap elementor-element-populated\">\n\t\t\t\t\t\t<div class=\"elementor-element elementor-element-fb73f83 elementor-widget elementor-widget-text-editor\" data-id=\"fb73f83\" data-element_type=\"widget\" data-e-type=\"widget\" data-widget_type=\"text-editor.default\">\n\t\t\t\t<div class=\"elementor-widget-container\">\n\t\t\t\t\t\t\t\t\t<p>Forschungsprojekt ABSOLUT II<\/p>\t\t\t\t\t\t\t\t<\/div>\n\t\t\t\t<\/div>\n\t\t\t\t\t<\/div>\n\t\t<\/div>\n\t\t\t\t\t<\/div>\n\t\t<\/section>\n\t\t\t\t<section class=\"elementor-section elementor-top-section elementor-element elementor-element-5855729 elementor-section-boxed elementor-section-height-default elementor-section-height-default\" data-id=\"5855729\" data-element_type=\"section\" data-e-type=\"section\">\n\t\t\t\t\t\t<div class=\"elementor-container elementor-column-gap-default\">\n\t\t\t\t\t<div class=\"elementor-column elementor-col-100 elementor-top-column elementor-element elementor-element-ef6e9e8\" data-id=\"ef6e9e8\" data-element_type=\"column\" data-e-type=\"column\">\n\t\t\t<div class=\"elementor-widget-wrap elementor-element-populated\">\n\t\t\t\t\t\t<div class=\"elementor-element elementor-element-3731e56 elementor-widget elementor-widget-text-editor\" data-id=\"3731e56\" data-element_type=\"widget\" data-e-type=\"widget\" data-widget_type=\"text-editor.default\">\n\t\t\t\t<div class=\"elementor-widget-container\">\n\t\t\t\t\t\t\t\t\t<h1>Bund f\u00f6rdert zweites Forschungsprojekt ABSOLUT<\/h1><h2>Projektauftakt mit Fachkonferenz in Dresden am 13. November<\/h2><p style=\"font-weight: 400;\">Das Bundesministerium f\u00fcr Wirtschaft und Klimaschutz (BMWK) f\u00f6rdert die Fortsetzung des Forschungs- und Entwicklungsvorhabens ABSOLUT. In der nun startenden zweiten Phase soll an die erfolgreichen Ergebnisse des Vorg\u00e4ngerprojekts angekn\u00fcpft und weitere Schritte in Richtung eines sp\u00e4teren Regelbetriebs realisiert werden. Der Projektauftakt findet am 13. November 2023, von 10:30 bis 12 Uhr, im Institut f\u00fcr Holztechnologie Dresden, Zellescher Weg 24, 01217 Dresden, statt.<\/p><p style=\"font-weight: 400;\">&#8222;Mit dem Technologieprogramm &#8222;Informations- und Kommunikationstechnologien (IKT) f\u00fcr Elektromobilit\u00e4t&#8220; f\u00f6rdert der Bund Schl\u00fcsseltechnologien f\u00fcr die anstehenden Herausforderungen der Energie- und Verkehrswende. Mit ABSOLUT II setzen wir damit die Erfolgsgeschichte des mitteldeutschen Partnerkonsortiums fort, um mit Hilfe der Digitalisierung den \u00f6ffentlichen Personennahverkehr insgesamt voranzutreiben&#8220;, so Christian Liebich, Projektverantwortlicher des Technologieprogramms &#8222;IKT f\u00fcr Elektromobilit\u00e4t&#8220; im BMWK.<\/p><p style=\"font-weight: 400;\">W\u00e4hrend im Vorg\u00e4nger-Projekt ABSOLUT das Gesamtsystem einer hochautomatisierten bedarfsgesteuerten \u00d6PNV-Landschaft entwickelt, aufgebaut und mittels Erprobung durch Versuchspersonen evaluiert wurde, soll in ABSOLUT II nun eine zentrale Problemstellung gel\u00f6st werden: Der bisherige Sicherheitsfahrer im Fahrzeug soll durch eine ortsfeste Technische Aufsicht in einer Leitstelle, gem\u00e4\u00df Gesetz zum Autonomen Fahren ersetzt und damit ein Fahrzeugfernzugriff erm\u00f6glicht werden. Dabei sollen mit den Partnern im Projekt alle Schnittstellen zwischen den Systemkomponenten auf einer herstellerneutralen und offenen Basis entwickelt werden.<\/p><p style=\"font-weight: 400;\">&#8222;Die Gesamtzielsetzung des ABSOLUT Vorhabens reiht sich in die Mobilit\u00e4tsstrategie der Stadt Leipzig ein, mit der die nachhaltige Mobilit\u00e4t gest\u00e4rkt werden soll. Die standardisierte Bereitstellung von Daten der Stadt kann dabei einen wesentlichen Beitrag zur Automatisierung der Verkehre im \u00f6ffentlichen Raum leisten&#8220;, so Michael Jana, Leiter des Verkehrs- und Tiefbauamtes der Stadt Leipzig.\u00a0<\/p><p style=\"font-weight: 400;\">Im Anschlussprojekt arbeiten insgesamt 10 Partner aus Industrie, Kommune und Forschung an einer technischen L\u00f6sung, die im Endausbau die Betreuung mehrerer Fahrzeuge durch einen Mitarbeiter erm\u00f6glicht und auf diese Weise ein echtes Skalierungspotential er\u00f6ffnet. Als Konsortialf\u00fchrer fungieren die Leipziger Verkehrsbetriebe und b\u00fcndeln die Arbeit der Advanced Navigation Solutions &#8211; ANavS GmbH, der BitCtrl Systems GmbH, FSD &#8211; Zentrale Stelle, der glts cotech GmbH, des IKEM &#8211; Institut f\u00fcr Klimaschutz, Energie und Mobilit\u00e4t, der INIT GmbH, der Sedenius Engineering GmbH, der Stadt Leipzig und der Technischen Universit\u00e4t Dresden. Weitere assoziierte Partner sind die Leipziger Messe und die BMW Group Werk Leipzig.<\/p><p style=\"font-weight: 400;\">&#8222;Mit der B\u00fcndelung von Innovationen wollen wir weitere Impulse f\u00fcr den Wirtschaftsstandort setzen, Digitalisierungswissen und Innovationen f\u00fcr den \u00f6ffentlichen Personennahverkehr generieren und so die Zukunft der \u00f6ffentlichen Mobilit\u00e4t mitgestalten&#8220;, so Ulf Middelberg, Sprecher der Gesch\u00e4ftsf\u00fchrung der Leipziger Verkehrsbetriebe.<\/p><p style=\"font-weight: 400;\">Das Projekt ABSOLUT II l\u00e4uft bis 2026 und hat ein Gesamtvolumen von rund 12 Millionen Euro. Gef\u00f6rdert wird das Projekt durch das Bundesministerium f\u00fcr Wirtschaft und Klimaschutz auf Grund eines Beschlusses des Deutschen Bundestages.<\/p><p style=\"font-weight: 400;\">Mehr Informationen finden Sie unter <a href=\"https:\/\/absolut-projekt.de\/\">https:\/\/absolut-projekt.de<\/a>.<\/p>\t\t\t\t\t\t\t\t<\/div>\n\t\t\t\t<\/div>\n\t\t\t\t\t<\/div>\n\t\t<\/div>\n\t\t\t\t\t<\/div>\n\t\t<\/section>\n\t\t\t\t<section class=\"elementor-section elementor-top-section elementor-element elementor-element-111ef1a elementor-section-boxed elementor-section-height-default elementor-section-height-default\" data-id=\"111ef1a\" data-element_type=\"section\" data-e-type=\"section\">\n\t\t\t\t\t\t<div class=\"elementor-container elementor-column-gap-default\">\n\t\t\t\t\t<div class=\"elementor-column elementor-col-50 elementor-top-column elementor-element elementor-element-3e9f18a\" data-id=\"3e9f18a\" data-element_type=\"column\" data-e-type=\"column\">\n\t\t\t<div class=\"elementor-widget-wrap elementor-element-populated\">\n\t\t\t\t\t\t<div class=\"elementor-element elementor-element-5daa83e elementor-button-info elementor-widget elementor-widget-button\" data-id=\"5daa83e\" data-element_type=\"widget\" data-e-type=\"widget\" data-widget_type=\"button.default\">\n\t\t\t\t<div class=\"elementor-widget-container\">\n\t\t\t\t\t\t\t\t\t<div class=\"elementor-button-wrapper\">\n\t\t\t\t\t<a class=\"elementor-button elementor-button-link elementor-size-sm\" href=\"https:\/\/www.glts-cotech.de\/wp-content\/uploads\/2023\/11\/presse_069324.pdf\" target=\"_blank\" id=\"absolut-presse\">\n\t\t\t\t\t\t<span class=\"elementor-button-content-wrapper\">\n\t\t\t\t\t\t<span class=\"elementor-button-icon\">\n\t\t\t\t<i aria-hidden=\"true\" class=\"fas fa-thumbs-up\"><\/i>\t\t\t<\/span>\n\t\t\t\t\t\t\t\t\t<span class=\"elementor-button-text\">ABSOLUT II Pressemitteilung als PDF-Dokument<\/span>\n\t\t\t\t\t<\/span>\n\t\t\t\t\t<\/a>\n\t\t\t\t<\/div>\n\t\t\t\t\t\t\t\t<\/div>\n\t\t\t\t<\/div>\n\t\t\t\t\t<\/div>\n\t\t<\/div>\n\t\t\t\t<div class=\"elementor-column elementor-col-50 elementor-top-column elementor-element elementor-element-50458e6\" data-id=\"50458e6\" data-element_type=\"column\" data-e-type=\"column\">\n\t\t\t<div class=\"elementor-widget-wrap elementor-element-populated\">\n\t\t\t\t\t\t<div class=\"elementor-element elementor-element-01c845a elementor-widget elementor-widget-text-editor\" data-id=\"01c845a\" data-element_type=\"widget\" data-e-type=\"widget\" data-widget_type=\"text-editor.default\">\n\t\t\t\t<div class=\"elementor-widget-container\">\n\t\t\t\t\t\t\t\t\t<p><span style=\"font-weight: 400; font-family: Roboto, sans-serif; font-size: 16px; font-style: normal; font-variant-caps: normal; color: var( --e-global-color-text );\">&nbsp;(<\/span>\u00f6ffnet in neuem Tab)<\/p>\t\t\t\t\t\t\t\t<\/div>\n\t\t\t\t<\/div>\n\t\t\t\t\t<\/div>\n\t\t<\/div>\n\t\t\t\t\t<\/div>\n\t\t<\/section>\n\t\t\t\t<section class=\"elementor-section elementor-top-section elementor-element elementor-element-a979ff0 elementor-section-boxed elementor-section-height-default elementor-section-height-default\" data-id=\"a979ff0\" data-element_type=\"section\" data-e-type=\"section\" data-settings=\"{&quot;background_background&quot;:&quot;gradient&quot;}\">\n\t\t\t\t\t\t<div class=\"elementor-container elementor-column-gap-default\">\n\t\t\t\t\t<div class=\"elementor-column elementor-col-33 elementor-top-column elementor-element elementor-element-f5a1a31\" data-id=\"f5a1a31\" data-element_type=\"column\" data-e-type=\"column\">\n\t\t\t<div class=\"elementor-widget-wrap elementor-element-populated\">\n\t\t\t\t\t\t<div class=\"elementor-element elementor-element-ca1ce90 elementor-widget elementor-widget-text-editor\" data-id=\"ca1ce90\" data-element_type=\"widget\" data-e-type=\"widget\" data-widget_type=\"text-editor.default\">\n\t\t\t\t<div class=\"elementor-widget-container\">\n\t\t\t\t\t\t\t\t\t<span style=\"color: #bfbfbf;\">glts cotech GmbH<\/span>\t\t\t\t\t\t\t\t<\/div>\n\t\t\t\t<\/div>\n\t\t\t\t<div class=\"elementor-element elementor-element-897d601 elementor-widget elementor-widget-text-editor\" data-id=\"897d601\" data-element_type=\"widget\" data-e-type=\"widget\" data-widget_type=\"text-editor.default\">\n\t\t\t\t<div class=\"elementor-widget-container\">\n\t\t\t\t\t\t\t\t\t<p><span style=\"color: #bfbfbf;\">Handelsplatz 1 b<\/span><br \/><span style=\"color: #bfbfbf;\">04319 Leipzig<\/span><br \/><span style=\"color: #bfbfbf;\">Tel. +49 341 6514405<\/span><br \/><span style=\"color: #bfbfbf;\">info@glts-cotech.de<\/span><\/p>\t\t\t\t\t\t\t\t<\/div>\n\t\t\t\t<\/div>\n\t\t\t\t\t<\/div>\n\t\t<\/div>\n\t\t\t\t<div class=\"elementor-column elementor-col-33 elementor-top-column elementor-element elementor-element-3b728fe\" data-id=\"3b728fe\" data-element_type=\"column\" data-e-type=\"column\">\n\t\t\t<div class=\"elementor-widget-wrap elementor-element-populated\">\n\t\t\t\t\t\t<div class=\"elementor-element elementor-element-14cc006 elementor-widget elementor-widget-text-editor\" data-id=\"14cc006\" data-element_type=\"widget\" data-e-type=\"widget\" data-widget_type=\"text-editor.default\">\n\t\t\t\t<div class=\"elementor-widget-container\">\n\t\t\t\t\t\t\t\t\t<p><a href=\"https:\/\/www.glts-cotech.de\/\"><span style=\"color: #bfbfbf;\">Schnell ans Ziel<\/span><\/a><\/p>\t\t\t\t\t\t\t\t<\/div>\n\t\t\t\t<\/div>\n\t\t\t\t<div class=\"elementor-element elementor-element-f3f8348 elementor-widget elementor-widget-text-editor\" data-id=\"f3f8348\" data-element_type=\"widget\" data-e-type=\"widget\" data-widget_type=\"text-editor.default\">\n\t\t\t\t<div class=\"elementor-widget-container\">\n\t\t\t\t\t\t\t\t\t<p><span style=\"color: #bfbfbf;\"><a style=\"color: #bfbfbf;\" href=\"\/?page_id=55\">Unternehmen<\/a><\/span><br \/><span style=\"color: #bfbfbf;\"><a style=\"color: #bfbfbf;\" href=\"\/?page_id=64\">Job &amp; Karriere<\/a><\/span><br \/><span style=\"color: #bfbfbf;\"><a style=\"color: #bfbfbf;\" href=\"\/?page_id=68\">F\u00f6rderung<\/a><\/span><br \/><span style=\"color: #bfbfbf;\"><a style=\"color: #bfbfbf;\" href=\"\/?page_id=61\">Service &amp; Support<\/a><\/span><\/p>\t\t\t\t\t\t\t\t<\/div>\n\t\t\t\t<\/div>\n\t\t\t\t\t<\/div>\n\t\t<\/div>\n\t\t\t\t<div class=\"elementor-column elementor-col-33 elementor-top-column elementor-element elementor-element-f8bd3bc\" data-id=\"f8bd3bc\" data-element_type=\"column\" data-e-type=\"column\">\n\t\t\t<div class=\"elementor-widget-wrap elementor-element-populated\">\n\t\t\t\t\t\t<div class=\"elementor-element elementor-element-c324445 elementor-widget elementor-widget-text-editor\" data-id=\"c324445\" data-element_type=\"widget\" data-e-type=\"widget\" data-widget_type=\"text-editor.default\">\n\t\t\t\t<div class=\"elementor-widget-container\">\n\t\t\t\t\t\t\t\t\t<p><span style=\"color: #ffffff;\"><span style=\"color: #bfbfbf;\"><a style=\"color: #bfbfbf;\" href=\"\/?page_id=58\">Produktbereiche<\/a><\/span><\/span><\/p>\t\t\t\t\t\t\t\t<\/div>\n\t\t\t\t<\/div>\n\t\t\t\t<div class=\"elementor-element elementor-element-6b9ff6f elementor-widget elementor-widget-text-editor\" data-id=\"6b9ff6f\" data-element_type=\"widget\" data-e-type=\"widget\" data-widget_type=\"text-editor.default\">\n\t\t\t\t<div class=\"elementor-widget-container\">\n\t\t\t\t\t\t\t\t\t<p><span style=\"color: #bfbfbf;\"><a style=\"color: #bfbfbf;\" href=\"\/?page_id=60\">Disposition &amp; Steuerung<\/a><\/span><br \/><span style=\"color: #bfbfbf;\"><a style=\"color: #bfbfbf;\" href=\"\/?page_id=71\">Prozessmonitoring<\/a><\/span><br \/><span style=\"color: #bfbfbf;\"><a style=\"color: #bfbfbf;\" href=\"\/?page_id=72\">QS &amp; Prozessdokumentation<\/a><\/span><br \/><span style=\"color: #bfbfbf;\"><a style=\"color: #bfbfbf;\" href=\"\/?page_id=501\">Individuelle L\u00f6sungen<\/a><\/span><br \/><span style=\"color: #bfbfbf;\"><a style=\"color: #bfbfbf;\" href=\"\/?page_id=74\">Smartphones f\u00fcr die Logistik &amp; MDM<\/a><\/span><br \/><span style=\"color: #bfbfbf;\"><a style=\"color: #bfbfbf;\" href=\"\/?page_id=75\">Digitale Strategien<\/a><\/span><\/p>\t\t\t\t\t\t\t\t<\/div>\n\t\t\t\t<\/div>\n\t\t\t\t\t<\/div>\n\t\t<\/div>\n\t\t\t\t\t<\/div>\n\t\t<\/section>\n\t\t\t\t<\/div>\n\t\t","protected":false},"excerpt":{"rendered":"<p>Forschungsprojekt ABSOLUT II Bund f\u00f6rdert zweites Forschungsprojekt ABSOLUT Projektauftakt mit Fachkonferenz in Dresden am 13. November Das Bundesministerium f\u00fcr Wirtschaft und Klimaschutz (BMWK) f\u00f6rdert die Fortsetzung des Forschungs- und Entwicklungsvorhabens ABSOLUT. In der nun startenden zweiten Phase soll an die erfolgreichen Ergebnisse des Vorg\u00e4ngerprojekts angekn\u00fcpft und weitere Schritte in Richtung eines sp\u00e4teren Regelbetriebs realisiert werden. [&hellip;]<\/p>\n","protected":false},"author":3,"featured_media":0,"parent":0,"menu_order":0,"comment_status":"closed","ping_status":"closed","template":"","meta":{"ocean_post_layout":"full-screen","ocean_both_sidebars_style":"","ocean_both_sidebars_content_width":0,"ocean_both_sidebars_sidebars_width":0,"ocean_sidebar":"","ocean_second_sidebar":"","ocean_disable_margins":"enable","ocean_add_body_class":"","ocean_shortcode_before_top_bar":"","ocean_shortcode_after_top_bar":"","ocean_shortcode_before_header":"","ocean_shortcode_after_header":"","ocean_has_shortcode":"","ocean_shortcode_after_title":"","ocean_shortcode_before_footer_widgets":"","ocean_shortcode_after_footer_widgets":"","ocean_shortcode_before_footer_bottom":"","ocean_shortcode_after_footer_bottom":"","ocean_display_top_bar":"default","ocean_display_header":"on","ocean_header_style":"","ocean_center_header_left_menu":"","ocean_custom_header_template":"","ocean_custom_logo":0,"ocean_custom_retina_logo":0,"ocean_custom_logo_max_width":0,"ocean_custom_logo_tablet_max_width":0,"ocean_custom_logo_mobile_max_width":0,"ocean_custom_logo_max_height":0,"ocean_custom_logo_tablet_max_height":0,"ocean_custom_logo_mobile_max_height":0,"ocean_header_custom_menu":"","ocean_menu_typo_font_family":"","ocean_menu_typo_font_subset":"","ocean_menu_typo_font_size":0,"ocean_menu_typo_font_size_tablet":0,"ocean_menu_typo_font_size_mobile":0,"ocean_menu_typo_font_size_unit":"px","ocean_menu_typo_font_weight":"","ocean_menu_typo_font_weight_tablet":"","ocean_menu_typo_font_weight_mobile":"","ocean_menu_typo_transform":"","ocean_menu_typo_transform_tablet":"","ocean_menu_typo_transform_mobile":"","ocean_menu_typo_line_height":0,"ocean_menu_typo_line_height_tablet":0,"ocean_menu_typo_line_height_mobile":0,"ocean_menu_typo_line_height_unit":"","ocean_menu_typo_spacing":0,"ocean_menu_typo_spacing_tablet":0,"ocean_menu_typo_spacing_mobile":0,"ocean_menu_typo_spacing_unit":"","ocean_menu_link_color":"","ocean_menu_link_color_hover":"","ocean_menu_link_color_active":"","ocean_menu_link_background":"","ocean_menu_link_hover_background":"","ocean_menu_link_active_background":"","ocean_menu_social_links_bg":"","ocean_menu_social_hover_links_bg":"","ocean_menu_social_links_color":"","ocean_menu_social_hover_links_color":"","ocean_disable_title":"on","ocean_disable_heading":"default","ocean_post_title":"","ocean_post_subheading":"","ocean_post_title_style":"","ocean_post_title_background_color":"","ocean_post_title_background":0,"ocean_post_title_bg_image_position":"","ocean_post_title_bg_image_attachment":"","ocean_post_title_bg_image_repeat":"","ocean_post_title_bg_image_size":"","ocean_post_title_height":0,"ocean_post_title_bg_overlay":0.5,"ocean_post_title_bg_overlay_color":"","ocean_disable_breadcrumbs":"default","ocean_breadcrumbs_color":"","ocean_breadcrumbs_separator_color":"","ocean_breadcrumbs_links_color":"","ocean_breadcrumbs_links_hover_color":"","ocean_display_footer_widgets":"default","ocean_display_footer_bottom":"default","ocean_custom_footer_template":"","footnotes":""},"class_list":["post-5038","page","type-page","status-publish","hentry","entry"],"_links":{"self":[{"href":"https:\/\/www.glts-cotech.de\/index.php?rest_route=\/wp\/v2\/pages\/5038","targetHints":{"allow":["GET"]}}],"collection":[{"href":"https:\/\/www.glts-cotech.de\/index.php?rest_route=\/wp\/v2\/pages"}],"about":[{"href":"https:\/\/www.glts-cotech.de\/index.php?rest_route=\/wp\/v2\/types\/page"}],"author":[{"embeddable":true,"href":"https:\/\/www.glts-cotech.de\/index.php?rest_route=\/wp\/v2\/users\/3"}],"replies":[{"embeddable":true,"href":"https:\/\/www.glts-cotech.de\/index.php?rest_route=%2Fwp%2Fv2%2Fcomments&post=5038"}],"version-history":[{"count":55,"href":"https:\/\/www.glts-cotech.de\/index.php?rest_route=\/wp\/v2\/pages\/5038\/revisions"}],"predecessor-version":[{"id":5759,"href":"https:\/\/www.glts-cotech.de\/index.php?rest_route=\/wp\/v2\/pages\/5038\/revisions\/5759"}],"wp:attachment":[{"href":"https:\/\/www.glts-cotech.de\/index.php?rest_route=%2Fwp%2Fv2%2Fmedia&parent=5038"}],"curies":[{"name":"wp","href":"https:\/\/api.w.org\/{rel}","templated":true}]}}