{"id":5406,"date":"2025-05-15T16:53:28","date_gmt":"2025-05-15T14:53:28","guid":{"rendered":"https:\/\/www.glts-cotech.de\/?page_id=5406"},"modified":"2025-05-23T11:29:56","modified_gmt":"2025-05-23T09:29:56","slug":"sicherheitsbegehung","status":"publish","type":"page","link":"https:\/\/www.glts-cotech.de\/?page_id=5406","title":{"rendered":"Sicherheitsbegehung"},"content":{"rendered":"\t\t<div data-elementor-type=\"wp-page\" data-elementor-id=\"5406\" class=\"elementor elementor-5406\">\n\t\t\t\t\t\t<section class=\"elementor-section elementor-top-section elementor-element elementor-element-9e485c4 elementor-section-height-min-height elementor-section-boxed elementor-section-height-default elementor-section-items-middle\" data-id=\"9e485c4\" data-element_type=\"section\" data-e-type=\"section\" data-settings=\"{&quot;background_background&quot;:&quot;classic&quot;}\">\n\t\t\t\t\t\t<div class=\"elementor-container elementor-column-gap-default\">\n\t\t\t\t\t<div class=\"elementor-column elementor-col-100 elementor-top-column elementor-element elementor-element-40b1a1f\" data-id=\"40b1a1f\" data-element_type=\"column\" data-e-type=\"column\">\n\t\t\t<div class=\"elementor-widget-wrap\">\n\t\t\t\t\t\t\t<\/div>\n\t\t<\/div>\n\t\t\t\t\t<\/div>\n\t\t<\/section>\n\t\t\t\t<section class=\"elementor-section elementor-top-section elementor-element elementor-element-98c8b96 elementor-section-boxed elementor-section-height-default elementor-section-height-default\" data-id=\"98c8b96\" data-element_type=\"section\" data-e-type=\"section\" data-settings=\"{&quot;background_background&quot;:&quot;classic&quot;}\">\n\t\t\t\t\t\t<div class=\"elementor-container elementor-column-gap-default\">\n\t\t\t\t\t<div class=\"elementor-column elementor-col-100 elementor-top-column elementor-element elementor-element-ed78c03\" data-id=\"ed78c03\" data-element_type=\"column\" data-e-type=\"column\">\n\t\t\t<div class=\"elementor-widget-wrap elementor-element-populated\">\n\t\t\t\t\t\t<div class=\"elementor-element elementor-element-0397c0c elementor-widget elementor-widget-text-editor\" data-id=\"0397c0c\" data-element_type=\"widget\" data-e-type=\"widget\" data-widget_type=\"text-editor.default\">\n\t\t\t\t<div class=\"elementor-widget-container\">\n\t\t\t\t\t\t\t\t\t<p>Sicherheitsbegehung<\/p>\t\t\t\t\t\t\t\t<\/div>\n\t\t\t\t<\/div>\n\t\t\t\t\t<\/div>\n\t\t<\/div>\n\t\t\t\t\t<\/div>\n\t\t<\/section>\n\t\t\t\t<section class=\"elementor-section elementor-top-section elementor-element elementor-element-99cef84 elementor-section-boxed elementor-section-height-default elementor-section-height-default\" data-id=\"99cef84\" data-element_type=\"section\" data-e-type=\"section\">\n\t\t\t\t\t\t<div class=\"elementor-container elementor-column-gap-default\">\n\t\t\t\t\t<div class=\"elementor-column elementor-col-100 elementor-top-column elementor-element elementor-element-e4556b3\" data-id=\"e4556b3\" data-element_type=\"column\" data-e-type=\"column\">\n\t\t\t<div class=\"elementor-widget-wrap elementor-element-populated\">\n\t\t\t\t\t\t<div class=\"elementor-element elementor-element-653cdee elementor-widget elementor-widget-text-editor\" data-id=\"653cdee\" data-element_type=\"widget\" data-e-type=\"widget\" data-widget_type=\"text-editor.default\">\n\t\t\t\t<div class=\"elementor-widget-container\">\n\t\t\t\t\t\t\t\t\t<h2>\u00dcbersicht<\/h2><p style=\"font-weight: 400;\">Eine Sicherheitsbegehung ist eine systematische \u00dcberpr\u00fcfung von Arbeitspl\u00e4tzen, Anlagen, Maschinen, Einrichtungen, Geb\u00e4uden, Werkzeugen, Hilfsmitteln oder Baustellen, um potenzielle Sicherheitsrisiken und Gefahren zu identifizieren. Dabei werden verschiedenste Aspekte wie beispielsweise die Einhaltung von Sicherheitsvorschriften, die Funktionst\u00fcchtigkeit von Sicherheitsausr\u00fcstungen, Kennzeichnung und Freihaltung von Rettungswegen und die allgemeine Gefahrenlage vor Ort bewertet. Ziel ist es, die Sicherheit der Mitarbeiter zu gew\u00e4hrleisten und Unf\u00e4lle zu vermeiden. Diese Begehungen k\u00f6nnen regelm\u00e4\u00dfig oder anlassbezogen durchgef\u00fchrt werden und sind ein wichtiger Bestandteil des Arbeitsschutzes.<\/p><p style=\"font-weight: 400;\">Eine Sicherheitsbegehung soll nat\u00fcrlich alle relevanten Orte umfassen, alle Pr\u00fcfpunkte ber\u00fccksichtigen, nach geltenden Vorschriften durchgef\u00fchrt und l\u00fcckenlos und nachvollziehbar dokumentieren. Festgestellte M\u00e4ngel sollen zeitnah an den richtigen Verantwortlichen adressiert und die Behebung dokumentiert werden. Dabei hilft unser VisualCheck Modul \u201eSicherheitsbegehung\u201c organisatorisch alle Vorg\u00e4nge im Blick zu halten.<\/p><p style=\"font-weight: 400;\">Auf einem mobilen Ger\u00e4t werden alle vorher erfassten Orte und Pr\u00fcfpunkte mit den entsprechenden Eingabem\u00f6glichkeiten und Pr\u00fcfkriterien vorgehalten. W\u00e4hrend der Begehung werden diese schrittweise zur Eingabe und Auswahl angezeigt, was f\u00fcr die l\u00fcckenlose Dokumentation der Sicherheitsbegehung unerl\u00e4sslich ist. Die Pr\u00fcfpunkte, die Kriterien und der Ablauf werden in enger Zusammenarbeit mit der glts cotech GmbH den individuellen Anforderungen angepasst. Wird ein Mangel oder ein Punkt in der Gef\u00e4hrdungsbeurteilung festgestellt, erzeugt das System automatisch eine priorisierte Ma\u00dfnahme, ordnet diese den Verantwortlichen zu, benachrichtigt diese und \u00fcberwacht nach Priorit\u00e4t die Bearbeitung und das Abstellen in der vorgegebenen Zeit.<\/p><p><span style=\"font-weight: 400;\">Im Nachgang werden nach Adressierung der Ma\u00dfnahme auch Erinnerungen zum Abstellen von erfassten M\u00e4ngeln angezeigt. Die verantwortlichen Mitarbeiter behalten so den vollst\u00e4ndigen \u00dcberblick \u00fcber den Stand der Sicherheit im Unternehmen.<\/span><\/p>\t\t\t\t\t\t\t\t<\/div>\n\t\t\t\t<\/div>\n\t\t\t\t<div class=\"elementor-element elementor-element-c87f46d elementor-widget elementor-widget-text-editor\" data-id=\"c87f46d\" data-element_type=\"widget\" data-e-type=\"widget\" data-widget_type=\"text-editor.default\">\n\t\t\t\t<div class=\"elementor-widget-container\">\n\t\t\t\t\t\t\t\t\t<div><div><div><span style=\"color: #004369; font-size: 25px; font-weight: 600;\">Funktionen<\/span><\/div><\/div><\/div><div><div><p style=\"font-weight: 400;\">Das System ist webbasierend. In Echtzeit kann von den Sicherheitsbeauftragten und Verantwortlichen der Stand der Sicherheitsbegehungen und der daraus abgeleiteten Ma\u00dfnahmen \u00fcbersichtlich eingesehen werden. Systemseitig werden die Vorg\u00e4nge in der vorgegebenen Reihenfolge erfasst und bei Bedarf einer Eingabe entsprechend angezeigt. Einmal erfasst und aufgenommen \u00fcbernimmt das System die Dokumentation, die Benachrichtigung, Erinnerungen und Wiedervorlage sowie die Archivierung der Sicherheitsbegehungen und Ma\u00dfnahmen automatisch. Das System ist jederzeit flexibel an individuelle Anforderungen anpassbar. Durch individuelle Auswertungen bietet das Modul Sicherheitsbegehung die Grundlage f\u00fcr die Sicherheit im Unternehmen.<\/p><h2>Vorteile<\/h2><p style=\"font-weight: 400;\">Gesteuerte und kontrollierte Prozesse \u2013 digital \u2013 sofort auskunftsf\u00e4hig.<\/p><p style=\"font-weight: 400;\">Die gef\u00fchrte Sicherheitsbegehung sorgt f\u00fcr eine allseitige Dokumentation der Sicherheit in Ihrem Unternehmen. Durch das automatisierte Erstellen und \u00dcberwachen der Ma\u00dfnahmen sowie der Benachrichtigungen entf\u00e4llt die manuelle Nacharbeit fast vollst\u00e4ndig und somit kann das Beheben der Gef\u00e4hrdungsursachen sichergestellt werden. Kennzahlen und KPI k\u00f6nnen f\u00fcr die Planung, die Organisation der Abl\u00e4ufe, die nachhaltige Verbesserung und die Qualit\u00e4tsbeurteilung herangezogen werden und in Auditierungen einflie\u00dfen.<\/p><h2>Nutzen<\/h2><\/div><div><p style=\"font-weight: 400;\">Der Nutzen der digitalisierten Sicherheitsbegehung liegt in der durch die gef\u00fchrte Erfassung l\u00fcckenlos dokumentierten kritischen Orte im Unternehmen und den jederzeit einsehbaren Zustand jedes sicherheitsrelevanten Punktes, seiner letzten Pr\u00fcfung und dem Stand einer eventuellen Mangelbeseitigung in Echtzeit. Bisher manuelle ausgef\u00fchrte Arbeitsschritte, Benachrichtigen, Nachfragen, Bearbeitungsst\u00e4nde abgleichen, Dokumentieren und Ablegen entfallen. Die Qualit\u00e4tskennzahlen k\u00f6nnen nutzbringend weiter verwendet werden.<\/p><\/div><\/div>\t\t\t\t\t\t\t\t<\/div>\n\t\t\t\t<\/div>\n\t\t\t\t\t<\/div>\n\t\t<\/div>\n\t\t\t\t\t<\/div>\n\t\t<\/section>\n\t\t\t\t<section class=\"elementor-section elementor-top-section elementor-element elementor-element-fb77299 elementor-section-boxed elementor-section-height-default elementor-section-height-default\" data-id=\"fb77299\" data-element_type=\"section\" data-e-type=\"section\">\n\t\t\t\t\t\t<div class=\"elementor-container elementor-column-gap-default\">\n\t\t\t\t\t<div class=\"elementor-column elementor-col-100 elementor-top-column elementor-element elementor-element-b146ed3\" data-id=\"b146ed3\" data-element_type=\"column\" data-e-type=\"column\">\n\t\t\t<div class=\"elementor-widget-wrap\">\n\t\t\t\t\t\t\t<\/div>\n\t\t<\/div>\n\t\t\t\t\t<\/div>\n\t\t<\/section>\n\t\t\t\t<section class=\"elementor-section elementor-top-section elementor-element elementor-element-a356be7 elementor-section-boxed elementor-section-height-default elementor-section-height-default\" data-id=\"a356be7\" data-element_type=\"section\" data-e-type=\"section\" data-settings=\"{&quot;background_background&quot;:&quot;gradient&quot;}\">\n\t\t\t\t\t\t<div class=\"elementor-container elementor-column-gap-default\">\n\t\t\t\t\t<div class=\"elementor-column elementor-col-33 elementor-top-column elementor-element elementor-element-277fec6\" data-id=\"277fec6\" data-element_type=\"column\" data-e-type=\"column\">\n\t\t\t<div class=\"elementor-widget-wrap elementor-element-populated\">\n\t\t\t\t\t\t<div class=\"elementor-element elementor-element-b9cc189 elementor-widget elementor-widget-text-editor\" data-id=\"b9cc189\" data-element_type=\"widget\" data-e-type=\"widget\" data-widget_type=\"text-editor.default\">\n\t\t\t\t<div class=\"elementor-widget-container\">\n\t\t\t\t\t\t\t\t\t<span style=\"color: #bfbfbf;\">glts cotech GmbH<\/span>\t\t\t\t\t\t\t\t<\/div>\n\t\t\t\t<\/div>\n\t\t\t\t<div class=\"elementor-element elementor-element-e4e7e6f elementor-widget elementor-widget-text-editor\" data-id=\"e4e7e6f\" data-element_type=\"widget\" data-e-type=\"widget\" data-widget_type=\"text-editor.default\">\n\t\t\t\t<div class=\"elementor-widget-container\">\n\t\t\t\t\t\t\t\t\t<p><span style=\"color: #bfbfbf;\">Handelsplatz 1 b<\/span><br \/><span style=\"color: #bfbfbf;\">04319 Leipzig<\/span><br \/><span style=\"color: #bfbfbf;\">Tel. +49 341 6514405<\/span><br \/><span style=\"color: #bfbfbf;\">info@glts-cotech.de<\/span><\/p>\t\t\t\t\t\t\t\t<\/div>\n\t\t\t\t<\/div>\n\t\t\t\t\t<\/div>\n\t\t<\/div>\n\t\t\t\t<div class=\"elementor-column elementor-col-33 elementor-top-column elementor-element elementor-element-6ba9506\" data-id=\"6ba9506\" data-element_type=\"column\" data-e-type=\"column\">\n\t\t\t<div class=\"elementor-widget-wrap elementor-element-populated\">\n\t\t\t\t\t\t<div class=\"elementor-element elementor-element-041a5e5 elementor-widget elementor-widget-text-editor\" data-id=\"041a5e5\" data-element_type=\"widget\" data-e-type=\"widget\" data-widget_type=\"text-editor.default\">\n\t\t\t\t<div class=\"elementor-widget-container\">\n\t\t\t\t\t\t\t\t\t<p><span style=\"color: #bfbfbf;\"><a style=\"color: #bfbfbf;\" href=\"https:\/\/www.glts-cotech.de\/\" data-wplink-edit=\"true\">Schnell ans Ziel<\/a><\/span><\/p>\t\t\t\t\t\t\t\t<\/div>\n\t\t\t\t<\/div>\n\t\t\t\t<div class=\"elementor-element elementor-element-6e7659c elementor-widget elementor-widget-text-editor\" data-id=\"6e7659c\" data-element_type=\"widget\" data-e-type=\"widget\" data-widget_type=\"text-editor.default\">\n\t\t\t\t<div class=\"elementor-widget-container\">\n\t\t\t\t\t\t\t\t\t<p><span style=\"color: #bfbfbf;\"><a style=\"color: #bfbfbf;\" href=\"\/?page_id=55\">Unternehmen<\/a><\/span><br \/><span style=\"color: #bfbfbf;\"><a style=\"color: #bfbfbf;\" href=\"\/?page_id=64\">Job &amp; Karriere<\/a><\/span><br \/><span style=\"color: #bfbfbf;\"><a style=\"color: #bfbfbf;\" href=\"\/?page_id=68\">F\u00f6rderung<\/a><\/span><br \/><span style=\"color: #bfbfbf;\"><a style=\"color: #bfbfbf;\" href=\"\/?page_id=61\">Service &amp; Support<\/a><\/span><\/p>\t\t\t\t\t\t\t\t<\/div>\n\t\t\t\t<\/div>\n\t\t\t\t\t<\/div>\n\t\t<\/div>\n\t\t\t\t<div class=\"elementor-column elementor-col-33 elementor-top-column elementor-element elementor-element-34e7ac4\" data-id=\"34e7ac4\" data-element_type=\"column\" data-e-type=\"column\">\n\t\t\t<div class=\"elementor-widget-wrap elementor-element-populated\">\n\t\t\t\t\t\t<div class=\"elementor-element elementor-element-0f77bf5 elementor-widget elementor-widget-text-editor\" data-id=\"0f77bf5\" data-element_type=\"widget\" data-e-type=\"widget\" data-widget_type=\"text-editor.default\">\n\t\t\t\t<div class=\"elementor-widget-container\">\n\t\t\t\t\t\t\t\t\t<p><span style=\"color: #ffffff;\"><span style=\"color: #bfbfbf;\"><a style=\"color: #bfbfbf;\" href=\"\/?page_id=58\">Produktbereiche<\/a><\/span><\/span><\/p>\t\t\t\t\t\t\t\t<\/div>\n\t\t\t\t<\/div>\n\t\t\t\t<div class=\"elementor-element elementor-element-ba48c91 elementor-widget elementor-widget-text-editor\" data-id=\"ba48c91\" data-element_type=\"widget\" data-e-type=\"widget\" data-widget_type=\"text-editor.default\">\n\t\t\t\t<div class=\"elementor-widget-container\">\n\t\t\t\t\t\t\t\t\t<p><span style=\"color: #bfbfbf;\"><a style=\"color: #bfbfbf;\" href=\"\/?page_id=60\">Disposition &amp; Steuerung<\/a><\/span><br \/><span style=\"color: #bfbfbf;\"><a style=\"color: #bfbfbf;\" href=\"\/?page_id=71\">Prozessmonitoring<\/a><\/span><br \/><span style=\"color: #bfbfbf;\"><a style=\"color: #bfbfbf;\" href=\"\/?page_id=72\">QS &amp; Prozessdokumentation<\/a><\/span><br \/><span style=\"color: #bfbfbf;\"><a style=\"color: #bfbfbf;\" href=\"\/?page_id=501\">Individuelle L\u00f6sungen<\/a><\/span><br \/><span style=\"color: #bfbfbf;\"><a style=\"color: #bfbfbf;\" href=\"\/?page_id=74\">Smartphones f\u00fcr die Logistik &amp; MDM<\/a><\/span><br \/><span style=\"color: #bfbfbf;\"><a style=\"color: #bfbfbf;\" href=\"\/?page_id=75\">Digitale Strategien<\/a><\/span><\/p>\t\t\t\t\t\t\t\t<\/div>\n\t\t\t\t<\/div>\n\t\t\t\t\t<\/div>\n\t\t<\/div>\n\t\t\t\t\t<\/div>\n\t\t<\/section>\n\t\t\t\t<\/div>\n\t\t","protected":false},"excerpt":{"rendered":"<p>Sicherheitsbegehung \u00dcbersicht Eine Sicherheitsbegehung ist eine systematische \u00dcberpr\u00fcfung von Arbeitspl\u00e4tzen, Anlagen, Maschinen, Einrichtungen, Geb\u00e4uden, Werkzeugen, Hilfsmitteln oder Baustellen, um potenzielle Sicherheitsrisiken und Gefahren zu identifizieren. Dabei werden verschiedenste Aspekte wie beispielsweise die Einhaltung von Sicherheitsvorschriften, die Funktionst\u00fcchtigkeit von Sicherheitsausr\u00fcstungen, Kennzeichnung und Freihaltung von Rettungswegen und die allgemeine Gefahrenlage vor Ort bewertet. Ziel ist es, die [&hellip;]<\/p>\n","protected":false},"author":3,"featured_media":0,"parent":0,"menu_order":0,"comment_status":"closed","ping_status":"closed","template":"","meta":{"ocean_post_layout":"full-screen","ocean_both_sidebars_style":"","ocean_both_sidebars_content_width":0,"ocean_both_sidebars_sidebars_width":0,"ocean_sidebar":"","ocean_second_sidebar":"","ocean_disable_margins":"enable","ocean_add_body_class":"","ocean_shortcode_before_top_bar":"","ocean_shortcode_after_top_bar":"","ocean_shortcode_before_header":"","ocean_shortcode_after_header":"","ocean_has_shortcode":"","ocean_shortcode_after_title":"","ocean_shortcode_before_footer_widgets":"","ocean_shortcode_after_footer_widgets":"","ocean_shortcode_before_footer_bottom":"","ocean_shortcode_after_footer_bottom":"","ocean_display_top_bar":"default","ocean_display_header":"default","ocean_header_style":"","ocean_center_header_left_menu":"","ocean_custom_header_template":"","ocean_custom_logo":0,"ocean_custom_retina_logo":0,"ocean_custom_logo_max_width":0,"ocean_custom_logo_tablet_max_width":0,"ocean_custom_logo_mobile_max_width":0,"ocean_custom_logo_max_height":0,"ocean_custom_logo_tablet_max_height":0,"ocean_custom_logo_mobile_max_height":0,"ocean_header_custom_menu":"","ocean_menu_typo_font_family":"","ocean_menu_typo_font_subset":"","ocean_menu_typo_font_size":0,"ocean_menu_typo_font_size_tablet":0,"ocean_menu_typo_font_size_mobile":0,"ocean_menu_typo_font_size_unit":"px","ocean_menu_typo_font_weight":"","ocean_menu_typo_font_weight_tablet":"","ocean_menu_typo_font_weight_mobile":"","ocean_menu_typo_transform":"","ocean_menu_typo_transform_tablet":"","ocean_menu_typo_transform_mobile":"","ocean_menu_typo_line_height":0,"ocean_menu_typo_line_height_tablet":0,"ocean_menu_typo_line_height_mobile":0,"ocean_menu_typo_line_height_unit":"","ocean_menu_typo_spacing":0,"ocean_menu_typo_spacing_tablet":0,"ocean_menu_typo_spacing_mobile":0,"ocean_menu_typo_spacing_unit":"","ocean_menu_link_color":"","ocean_menu_link_color_hover":"","ocean_menu_link_color_active":"","ocean_menu_link_background":"","ocean_menu_link_hover_background":"","ocean_menu_link_active_background":"","ocean_menu_social_links_bg":"","ocean_menu_social_hover_links_bg":"","ocean_menu_social_links_color":"","ocean_menu_social_hover_links_color":"","ocean_disable_title":"on","ocean_disable_heading":"default","ocean_post_title":"","ocean_post_subheading":"","ocean_post_title_style":"","ocean_post_title_background_color":"","ocean_post_title_background":0,"ocean_post_title_bg_image_position":"","ocean_post_title_bg_image_attachment":"","ocean_post_title_bg_image_repeat":"","ocean_post_title_bg_image_size":"","ocean_post_title_height":0,"ocean_post_title_bg_overlay":0.5,"ocean_post_title_bg_overlay_color":"","ocean_disable_breadcrumbs":"default","ocean_breadcrumbs_color":"","ocean_breadcrumbs_separator_color":"","ocean_breadcrumbs_links_color":"","ocean_breadcrumbs_links_hover_color":"","ocean_display_footer_widgets":"default","ocean_display_footer_bottom":"default","ocean_custom_footer_template":"","footnotes":""},"class_list":["post-5406","page","type-page","status-publish","hentry","entry"],"_links":{"self":[{"href":"https:\/\/www.glts-cotech.de\/index.php?rest_route=\/wp\/v2\/pages\/5406","targetHints":{"allow":["GET"]}}],"collection":[{"href":"https:\/\/www.glts-cotech.de\/index.php?rest_route=\/wp\/v2\/pages"}],"about":[{"href":"https:\/\/www.glts-cotech.de\/index.php?rest_route=\/wp\/v2\/types\/page"}],"author":[{"embeddable":true,"href":"https:\/\/www.glts-cotech.de\/index.php?rest_route=\/wp\/v2\/users\/3"}],"replies":[{"embeddable":true,"href":"https:\/\/www.glts-cotech.de\/index.php?rest_route=%2Fwp%2Fv2%2Fcomments&post=5406"}],"version-history":[{"count":47,"href":"https:\/\/www.glts-cotech.de\/index.php?rest_route=\/wp\/v2\/pages\/5406\/revisions"}],"predecessor-version":[{"id":6022,"href":"https:\/\/www.glts-cotech.de\/index.php?rest_route=\/wp\/v2\/pages\/5406\/revisions\/6022"}],"wp:attachment":[{"href":"https:\/\/www.glts-cotech.de\/index.php?rest_route=%2Fwp%2Fv2%2Fmedia&parent=5406"}],"curies":[{"name":"wp","href":"https:\/\/api.w.org\/{rel}","templated":true}]}}