{"id":5446,"date":"2025-01-15T16:00:47","date_gmt":"2025-01-15T15:00:47","guid":{"rendered":"https:\/\/www.glts-cotech.de\/?page_id=5446"},"modified":"2025-05-09T14:42:47","modified_gmt":"2025-05-09T12:42:47","slug":"forschungsprojekt-absolut-ii-tddt","status":"publish","type":"page","link":"https:\/\/www.glts-cotech.de\/?page_id=5446","title":{"rendered":"Forschungsprojekt ABSOLUT II &#8211; TddT"},"content":{"rendered":"\t\t<div data-elementor-type=\"wp-page\" data-elementor-id=\"5446\" class=\"elementor elementor-5446\">\n\t\t\t\t\t\t<section class=\"elementor-section elementor-top-section elementor-element elementor-element-88f97ca elementor-section-height-min-height elementor-section-boxed elementor-section-height-default elementor-section-items-middle\" data-id=\"88f97ca\" data-element_type=\"section\" data-e-type=\"section\" data-settings=\"{&quot;background_background&quot;:&quot;classic&quot;}\">\n\t\t\t\t\t\t<div class=\"elementor-container elementor-column-gap-default\">\n\t\t\t\t\t<div class=\"elementor-column elementor-col-100 elementor-top-column elementor-element elementor-element-7eed7e6\" data-id=\"7eed7e6\" data-element_type=\"column\" data-e-type=\"column\">\n\t\t\t<div class=\"elementor-widget-wrap\">\n\t\t\t\t\t\t\t<\/div>\n\t\t<\/div>\n\t\t\t\t\t<\/div>\n\t\t<\/section>\n\t\t\t\t<section class=\"elementor-section elementor-top-section elementor-element elementor-element-26c217f elementor-section-boxed elementor-section-height-default elementor-section-height-default\" data-id=\"26c217f\" data-element_type=\"section\" data-e-type=\"section\" data-settings=\"{&quot;background_background&quot;:&quot;classic&quot;}\">\n\t\t\t\t\t\t<div class=\"elementor-container elementor-column-gap-default\">\n\t\t\t\t\t<div class=\"elementor-column elementor-col-100 elementor-top-column elementor-element elementor-element-89758cb\" data-id=\"89758cb\" data-element_type=\"column\" data-e-type=\"column\">\n\t\t\t<div class=\"elementor-widget-wrap elementor-element-populated\">\n\t\t\t\t\t\t<div class=\"elementor-element elementor-element-fc7baf9 elementor-widget-mobile__width-initial elementor-widget elementor-widget-text-editor\" data-id=\"fc7baf9\" data-element_type=\"widget\" data-e-type=\"widget\" data-widget_type=\"text-editor.default\">\n\t\t\t\t<div class=\"elementor-widget-container\">\n\t\t\t\t\t\t\t\t\t<p><span style=\"font-family: Verdana, sans-serif; font-size: 25px; font-style: normal; font-variant-caps: normal;\">Forschungsprojekt ABSOLUT II &#8211; Tage der digitalen Technologie<\/span><\/p>\t\t\t\t\t\t\t\t<\/div>\n\t\t\t\t<\/div>\n\t\t\t\t\t<\/div>\n\t\t<\/div>\n\t\t\t\t\t<\/div>\n\t\t<\/section>\n\t\t\t\t<section class=\"elementor-section elementor-top-section elementor-element elementor-element-7dade4b elementor-section-boxed elementor-section-height-default elementor-section-height-default\" data-id=\"7dade4b\" data-element_type=\"section\" data-e-type=\"section\">\n\t\t\t\t\t\t<div class=\"elementor-container elementor-column-gap-default\">\n\t\t\t\t\t<div class=\"elementor-column elementor-col-100 elementor-top-column elementor-element elementor-element-1fb0257\" data-id=\"1fb0257\" data-element_type=\"column\" data-e-type=\"column\">\n\t\t\t<div class=\"elementor-widget-wrap elementor-element-populated\">\n\t\t\t\t\t\t<div class=\"elementor-element elementor-element-9ab2915 elementor-widget elementor-widget-text-editor\" data-id=\"9ab2915\" data-element_type=\"widget\" data-e-type=\"widget\" data-widget_type=\"text-editor.default\">\n\t\t\t\t<div class=\"elementor-widget-container\">\n\t\t\t\t\t\t\t\t\t<p><span style=\"color: #004369; font-size: 25px; font-weight: 600;\">ABSOLUT II bei den Tagen der digitalen Technologie<\/span><\/p><div><div><p><span style=\"font-size: 16px; color: var( --e-global-color-text );\">Im Rahmen der Vorbereitung der &#8222;Tage der digitalen Technologie&#8220; wurde das Projekt ABSOLUT II vom Bundesministeriums f\u00fcr Wirtschaft und Klimaschutz als Leuchtturmprojekt f\u00fcr <\/span><em><a href=\"https:\/\/www.digitale-technologien.de\/DT\/Redaktion\/DE\/Standardartikel\/IKT-EM\/IKT-Projekte\/ikt_Absolut_2.html\">Digitale Technologie <\/a><\/em><span style=\"font-size: 16px; color: var( --e-global-color-text );\">ausgew\u00e4hlt und durfte sich auf dem 2-t\u00e4gigen Kongress vom 7. bis 8. Oktober 2024 in Berlin \u00a0vorstellen und \u00fcber einen Imagefilm \u00f6ffentlich pr\u00e4sentieren.\u00a0<\/span><\/p><\/div><\/div>\t\t\t\t\t\t\t\t<\/div>\n\t\t\t\t<\/div>\n\t\t\t\t\t<\/div>\n\t\t<\/div>\n\t\t\t\t\t<\/div>\n\t\t<\/section>\n\t\t\t\t<section class=\"elementor-section elementor-top-section elementor-element elementor-element-8499fcb elementor-section-boxed elementor-section-height-default elementor-section-height-default\" data-id=\"8499fcb\" data-element_type=\"section\" data-e-type=\"section\">\n\t\t\t\t\t\t<div class=\"elementor-container elementor-column-gap-default\">\n\t\t\t\t\t<div class=\"elementor-column elementor-col-100 elementor-top-column elementor-element elementor-element-473a975\" data-id=\"473a975\" data-element_type=\"column\" data-e-type=\"column\">\n\t\t\t<div class=\"elementor-widget-wrap elementor-element-populated\">\n\t\t\t\t\t\t<div class=\"elementor-element elementor-element-6dd6596 elementor-widget elementor-widget-video\" data-id=\"6dd6596\" data-element_type=\"widget\" data-e-type=\"widget\" data-settings=\"{&quot;video_type&quot;:&quot;hosted&quot;,&quot;controls&quot;:&quot;yes&quot;}\" data-widget_type=\"video.default\">\n\t\t\t\t<div class=\"elementor-widget-container\">\n\t\t\t\t\t\t\t<div class=\"e-hosted-video elementor-wrapper elementor-open-inline\">\n\t\t\t\t\t<video class=\"elementor-video\" src=\"https:\/\/www.glts-cotech.de\/wp-content\/uploads\/2024\/12\/240911_TddT-Kurz_ABSOLUT_Final_deutsch_UT_PR422.mp4\" controls=\"\" preload=\"metadata\" controlsList=\"nodownload\" poster=\"https:\/\/www.glts-cotech.de\/wp-content\/uploads\/2025\/01\/ABSOLUT-II-TddT-4.png\"><\/video>\n\t\t\t\t<\/div>\n\t\t\t\t\t\t<\/div>\n\t\t\t\t<\/div>\n\t\t\t\t\t<\/div>\n\t\t<\/div>\n\t\t\t\t\t<\/div>\n\t\t<\/section>\n\t\t\t\t<section class=\"elementor-section elementor-top-section elementor-element elementor-element-d254cc1 elementor-section-boxed elementor-section-height-default elementor-section-height-default\" data-id=\"d254cc1\" data-element_type=\"section\" data-e-type=\"section\">\n\t\t\t\t\t\t<div class=\"elementor-container elementor-column-gap-default\">\n\t\t\t\t\t<div class=\"elementor-column elementor-col-100 elementor-top-column elementor-element elementor-element-7e05a6c\" data-id=\"7e05a6c\" data-element_type=\"column\" data-e-type=\"column\">\n\t\t\t<div class=\"elementor-widget-wrap elementor-element-populated\">\n\t\t\t\t\t\t<div class=\"elementor-element elementor-element-b2ea12d elementor-button-info elementor-widget__width-initial elementor-widget-mobile__width-initial elementor-align-right elementor-widget elementor-widget-button\" data-id=\"b2ea12d\" data-element_type=\"widget\" data-e-type=\"widget\" data-widget_type=\"button.default\">\n\t\t\t\t<div class=\"elementor-widget-container\">\n\t\t\t\t\t\t\t\t\t<div class=\"elementor-button-wrapper\">\n\t\t\t\t\t<a class=\"elementor-button elementor-button-link elementor-size-sm\" href=\"https:\/\/www.glts-cotech.de\/wp-content\/uploads\/2024\/12\/240911_TddT-Kurz_ABSOLUT_Final_englisch_UT_V2.mp4\" target=\"_blank\" id=\"absolut-TddT-Video_EN\">\n\t\t\t\t\t\t<span class=\"elementor-button-content-wrapper\">\n\t\t\t\t\t\t<span class=\"elementor-button-icon\">\n\t\t\t\t<i aria-hidden=\"true\" class=\"fas fa-video\"><\/i>\t\t\t<\/span>\n\t\t\t\t\t\t\t\t\t<span class=\"elementor-button-text\">Video in English (opens a new tab)<\/span>\n\t\t\t\t\t<\/span>\n\t\t\t\t\t<\/a>\n\t\t\t\t<\/div>\n\t\t\t\t\t\t\t\t<\/div>\n\t\t\t\t<\/div>\n\t\t\t\t\t<\/div>\n\t\t<\/div>\n\t\t\t\t\t<\/div>\n\t\t<\/section>\n\t\t\t\t<section class=\"elementor-section elementor-top-section elementor-element elementor-element-48cf9a4 elementor-section-boxed elementor-section-height-default elementor-section-height-default\" data-id=\"48cf9a4\" data-element_type=\"section\" data-e-type=\"section\">\n\t\t\t\t\t\t<div class=\"elementor-container elementor-column-gap-default\">\n\t\t\t\t\t<div class=\"elementor-column elementor-col-50 elementor-top-column elementor-element elementor-element-6489b5e\" data-id=\"6489b5e\" data-element_type=\"column\" data-e-type=\"column\">\n\t\t\t<div class=\"elementor-widget-wrap elementor-element-populated\">\n\t\t\t\t\t\t<div class=\"elementor-element elementor-element-b9ed85e elementor-widget__width-initial elementor-widget elementor-widget-image\" data-id=\"b9ed85e\" data-element_type=\"widget\" data-e-type=\"widget\" data-widget_type=\"image.default\">\n\t\t\t\t<div class=\"elementor-widget-container\">\n\t\t\t\t\t\t\t\t\t\t\t\t\t\t\t<img fetchpriority=\"high\" decoding=\"async\" width=\"294\" height=\"300\" src=\"https:\/\/www.glts-cotech.de\/wp-content\/uploads\/2023\/11\/BMWK-Logo-294x300.png\" class=\"attachment-medium size-medium wp-image-5124\" alt=\"\" srcset=\"https:\/\/www.glts-cotech.de\/wp-content\/uploads\/2023\/11\/BMWK-Logo-294x300.png 294w, https:\/\/www.glts-cotech.de\/wp-content\/uploads\/2023\/11\/BMWK-Logo.png 517w\" sizes=\"(max-width: 294px) 100vw, 294px\" \/>\t\t\t\t\t\t\t\t\t\t\t\t\t\t\t<\/div>\n\t\t\t\t<\/div>\n\t\t\t\t\t<\/div>\n\t\t<\/div>\n\t\t\t\t<div class=\"elementor-column elementor-col-50 elementor-top-column elementor-element elementor-element-fb89de1\" data-id=\"fb89de1\" data-element_type=\"column\" data-e-type=\"column\">\n\t\t\t<div class=\"elementor-widget-wrap elementor-element-populated\">\n\t\t\t\t\t\t<div class=\"elementor-element elementor-element-0907956 elementor-widget__width-initial elementor-widget-mobile__width-initial elementor-widget elementor-widget-text-editor\" data-id=\"0907956\" data-element_type=\"widget\" data-e-type=\"widget\" data-widget_type=\"text-editor.default\">\n\t\t\t\t<div class=\"elementor-widget-container\">\n\t\t\t\t\t\t\t\t\t<p>ABSOLUT II ist ein im IKT-EM-Programm des Bundesministeriums f\u00fcr Wirtschaft und Klimaschutz (BMWK) gef\u00f6rdertes Forschungs- und Entwicklungsprojekt im Zeitraum vom 01.10.2023 bis 30.09.2026.<\/p>\t\t\t\t\t\t\t\t<\/div>\n\t\t\t\t<\/div>\n\t\t\t\t\t<\/div>\n\t\t<\/div>\n\t\t\t\t\t<\/div>\n\t\t<\/section>\n\t\t\t\t<section class=\"elementor-section elementor-top-section elementor-element elementor-element-b8e1f4a elementor-section-boxed elementor-section-height-default elementor-section-height-default\" data-id=\"b8e1f4a\" data-element_type=\"section\" data-e-type=\"section\">\n\t\t\t\t\t\t<div class=\"elementor-container elementor-column-gap-default\">\n\t\t\t\t\t<div class=\"elementor-column elementor-col-100 elementor-top-column elementor-element elementor-element-6459022\" data-id=\"6459022\" data-element_type=\"column\" data-e-type=\"column\">\n\t\t\t<div class=\"elementor-widget-wrap elementor-element-populated\">\n\t\t\t\t\t\t<div class=\"elementor-element elementor-element-f367f00 elementor-widget elementor-widget-text-editor\" data-id=\"f367f00\" data-element_type=\"widget\" data-e-type=\"widget\" data-widget_type=\"text-editor.default\">\n\t\t\t\t<div class=\"elementor-widget-container\">\n\t\t\t\t\t\t\t\t\t<p><span style=\"font-size: 16px;\">Der Fokus von <em><a href=\"\/?page_id=5063\">ABSOLUT II<\/a><\/em> liegt in der Entwicklung des Man\u00f6ver-Fernzugriffs der Technischen Aufsicht aus der Leitstelle auf ein automatisiertes Fahrzeug:<\/span><\/p><ul><li>In Situationen, die die Automatisierungsfunktion des Fahrzeugs nicht selbst\u00e4ndig l\u00f6sen kann, werden durch die TA erforderliche Ma\u00dfnahmen eingeleitet.<\/li><li>Dabei werden Video-Livestreams der Au\u00dfen- und Innenkameras, Umgebungs- sowie Fahrzeugdaten gesichert \u00fcbermittelt, damit die Technische Aufsicht ein m\u00f6glichst pr\u00e4zises Situationsverst\u00e4ndnis aufbauen kann. Zudem werden vom Fahrzeug Man\u00f6vervorschl\u00e4ge generiert und an die TA geschickt.<\/li><li>Durch die Technische Aufsicht in der Leitstelle wird das auszuf\u00fchrende Man\u00f6ver freigegeben. Unter konstanter Reevaluation der Lage f\u00fchrt das autonome Fahrzeug das Man\u00f6ver dann eigenst\u00e4ndig aus.<\/li><li>Anschlie\u00dfend verifiziert die Technische Aufsicht das erfolgreich durchgef\u00fchrte Man\u00f6ver und gibt den autonomen Fahrbetrieb wieder frei.<\/li><\/ul><p>Der Fernzugriff (nach AFGBV) ist eine essenzielle Voraussetzung, um den autonomen Fahrbetrieb ohne Sicherheitsfahrer im Fahrzeug zu realisieren. Die Technische Aufsicht in der Leitstelle \u00fcbernimmt dann die Betreuung aus der Ferne und kann so den parallelen Betrieb mehrerer autonomer Fahrzeuge durch eine Person sicherstellen. Dadurch wird ein attraktives On-Demand-Angebot in den Stadtrandlagen skalierbar.<\/p><p>(Quellen: <br \/>https:\/\/absolut-projekt.de\/absolut-2\/<br \/>https:\/\/www.digitale-technologien.de\/DT\/Navigation\/DE\/ProgrammeProjekte\/AktuelleTechnologieprogramme\/IKT-EM\/IKT-EM-Projekte\/projekte.html<br \/>https:\/\/www.l.de\/verkehrsbetriebe\/ueber-uns\/absolut\/)<\/p>\t\t\t\t\t\t\t\t<\/div>\n\t\t\t\t<\/div>\n\t\t\t\t\t<\/div>\n\t\t<\/div>\n\t\t\t\t\t<\/div>\n\t\t<\/section>\n\t\t\t\t<section class=\"elementor-section elementor-top-section elementor-element elementor-element-d9a5052 elementor-section-boxed elementor-section-height-default elementor-section-height-default\" data-id=\"d9a5052\" data-element_type=\"section\" data-e-type=\"section\">\n\t\t\t\t\t\t<div class=\"elementor-container elementor-column-gap-default\">\n\t\t\t\t\t<div class=\"elementor-column elementor-col-50 elementor-top-column elementor-element elementor-element-db6612d\" data-id=\"db6612d\" data-element_type=\"column\" data-e-type=\"column\">\n\t\t\t<div class=\"elementor-widget-wrap elementor-element-populated\">\n\t\t\t\t\t\t<div class=\"elementor-element elementor-element-f162b77 elementor-button-info elementor-widget__width-initial elementor-widget-mobile__width-initial elementor-widget elementor-widget-button\" data-id=\"f162b77\" data-element_type=\"widget\" data-e-type=\"widget\" data-widget_type=\"button.default\">\n\t\t\t\t<div class=\"elementor-widget-container\">\n\t\t\t\t\t\t\t\t\t<div class=\"elementor-button-wrapper\">\n\t\t\t\t\t<a class=\"elementor-button elementor-button-link elementor-size-sm\" href=\"https:\/\/www.digitale-technologien.de\/DT\/Redaktion\/DE\/Standardartikel\/IKT-EM\/IKT-Projekte\/ikt_Absolut_2.html\" target=\"_blank\" id=\"absolut-TddT\">\n\t\t\t\t\t\t<span class=\"elementor-button-content-wrapper\">\n\t\t\t\t\t\t<span class=\"elementor-button-icon\">\n\t\t\t\t<i aria-hidden=\"true\" class=\"fas fa-thumbs-up\"><\/i>\t\t\t<\/span>\n\t\t\t\t\t\t\t\t\t<span class=\"elementor-button-text\">ABSOLUT II auf der Website \"Digitale Technologien\" des BMWK<\/span>\n\t\t\t\t\t<\/span>\n\t\t\t\t\t<\/a>\n\t\t\t\t<\/div>\n\t\t\t\t\t\t\t\t<\/div>\n\t\t\t\t<\/div>\n\t\t\t\t\t<\/div>\n\t\t<\/div>\n\t\t\t\t<div class=\"elementor-column elementor-col-50 elementor-top-column elementor-element elementor-element-e7c7710\" data-id=\"e7c7710\" data-element_type=\"column\" data-e-type=\"column\">\n\t\t\t<div class=\"elementor-widget-wrap elementor-element-populated\">\n\t\t\t\t\t\t<div class=\"elementor-element elementor-element-f22f3bf elementor-widget__width-initial elementor-widget-mobile__width-initial elementor-widget elementor-widget-text-editor\" data-id=\"f22f3bf\" data-element_type=\"widget\" data-e-type=\"widget\" data-widget_type=\"text-editor.default\">\n\t\t\t\t<div class=\"elementor-widget-container\">\n\t\t\t\t\t\t\t\t\t<p style=\"text-align: left;\">Das Projekt ABSOLUT II auf der Website des BMWK \/ &#8222;Digitale Technologien&#8220; (\u00f6ffnet einen neuen Tab<span style=\"font-family: Roboto, sans-serif; font-size: 16px; font-style: normal; font-variant-caps: normal; color: var( --e-global-color-text );\">)<\/span><\/p>\t\t\t\t\t\t\t\t<\/div>\n\t\t\t\t<\/div>\n\t\t\t\t\t<\/div>\n\t\t<\/div>\n\t\t\t\t\t<\/div>\n\t\t<\/section>\n\t\t\t\t<section class=\"elementor-section elementor-top-section elementor-element elementor-element-52b4f46 elementor-section-boxed elementor-section-height-default elementor-section-height-default\" data-id=\"52b4f46\" data-element_type=\"section\" data-e-type=\"section\">\n\t\t\t\t\t\t<div class=\"elementor-container elementor-column-gap-default\">\n\t\t\t\t\t<div class=\"elementor-column elementor-col-100 elementor-top-column elementor-element elementor-element-ff699d8\" data-id=\"ff699d8\" data-element_type=\"column\" data-e-type=\"column\">\n\t\t\t<div class=\"elementor-widget-wrap\">\n\t\t\t\t\t\t\t<\/div>\n\t\t<\/div>\n\t\t\t\t\t<\/div>\n\t\t<\/section>\n\t\t\t\t<section class=\"elementor-section elementor-top-section elementor-element elementor-element-ed4d747 elementor-section-boxed elementor-section-height-default elementor-section-height-default\" data-id=\"ed4d747\" data-element_type=\"section\" data-e-type=\"section\" data-settings=\"{&quot;background_background&quot;:&quot;gradient&quot;}\">\n\t\t\t\t\t\t<div class=\"elementor-container elementor-column-gap-default\">\n\t\t\t\t\t<div class=\"elementor-column elementor-col-33 elementor-top-column elementor-element elementor-element-ad613b1\" data-id=\"ad613b1\" data-element_type=\"column\" data-e-type=\"column\">\n\t\t\t<div class=\"elementor-widget-wrap elementor-element-populated\">\n\t\t\t\t\t\t<div class=\"elementor-element elementor-element-fe05b9c elementor-widget elementor-widget-text-editor\" data-id=\"fe05b9c\" data-element_type=\"widget\" data-e-type=\"widget\" data-widget_type=\"text-editor.default\">\n\t\t\t\t<div class=\"elementor-widget-container\">\n\t\t\t\t\t\t\t\t\t<span style=\"color: #bfbfbf;\">glts cotech GmbH<\/span>\t\t\t\t\t\t\t\t<\/div>\n\t\t\t\t<\/div>\n\t\t\t\t<div class=\"elementor-element elementor-element-6056c7c elementor-widget elementor-widget-text-editor\" data-id=\"6056c7c\" data-element_type=\"widget\" data-e-type=\"widget\" data-widget_type=\"text-editor.default\">\n\t\t\t\t<div class=\"elementor-widget-container\">\n\t\t\t\t\t\t\t\t\t<p><span style=\"color: #bfbfbf;\">Handelsplatz 1 b<\/span><br \/><span style=\"color: #bfbfbf;\">04319 Leipzig<\/span><br \/><span style=\"color: #bfbfbf;\">Tel. +49 341 6514405<\/span><br \/><span style=\"color: #bfbfbf;\">info@glts-cotech.de<\/span><\/p>\t\t\t\t\t\t\t\t<\/div>\n\t\t\t\t<\/div>\n\t\t\t\t\t<\/div>\n\t\t<\/div>\n\t\t\t\t<div class=\"elementor-column elementor-col-33 elementor-top-column elementor-element elementor-element-81f0c8b\" data-id=\"81f0c8b\" data-element_type=\"column\" data-e-type=\"column\">\n\t\t\t<div class=\"elementor-widget-wrap elementor-element-populated\">\n\t\t\t\t\t\t<div class=\"elementor-element elementor-element-04e913d elementor-widget elementor-widget-text-editor\" data-id=\"04e913d\" data-element_type=\"widget\" data-e-type=\"widget\" data-widget_type=\"text-editor.default\">\n\t\t\t\t<div class=\"elementor-widget-container\">\n\t\t\t\t\t\t\t\t\t<p><a href=\"https:\/\/www.glts-cotech.de\/\"><span style=\"color: #bfbfbf;\">Schnell ans Ziel<\/span><\/a><\/p>\t\t\t\t\t\t\t\t<\/div>\n\t\t\t\t<\/div>\n\t\t\t\t<div class=\"elementor-element elementor-element-b90dfa5 elementor-widget elementor-widget-text-editor\" data-id=\"b90dfa5\" data-element_type=\"widget\" data-e-type=\"widget\" data-widget_type=\"text-editor.default\">\n\t\t\t\t<div class=\"elementor-widget-container\">\n\t\t\t\t\t\t\t\t\t<p><span style=\"color: #bfbfbf;\"><a style=\"color: #bfbfbf;\" href=\"\/?page_id=55\">Unternehmen<\/a><\/span><br \/><span style=\"color: #bfbfbf;\"><a style=\"color: #bfbfbf;\" href=\"\/?page_id=64\">Job &amp; Karriere<\/a><\/span><br \/><span style=\"color: #bfbfbf;\"><a style=\"color: #bfbfbf;\" href=\"\/?page_id=68\">F\u00f6rderung<\/a><\/span><br \/><span style=\"color: #bfbfbf;\"><a style=\"color: #bfbfbf;\" href=\"\/?page_id=61\">Service &amp; Support<\/a><\/span><\/p>\t\t\t\t\t\t\t\t<\/div>\n\t\t\t\t<\/div>\n\t\t\t\t\t<\/div>\n\t\t<\/div>\n\t\t\t\t<div class=\"elementor-column elementor-col-33 elementor-top-column elementor-element elementor-element-bb13fd4\" data-id=\"bb13fd4\" data-element_type=\"column\" data-e-type=\"column\">\n\t\t\t<div class=\"elementor-widget-wrap elementor-element-populated\">\n\t\t\t\t\t\t<div class=\"elementor-element elementor-element-4c8c341 elementor-widget elementor-widget-text-editor\" data-id=\"4c8c341\" data-element_type=\"widget\" data-e-type=\"widget\" data-widget_type=\"text-editor.default\">\n\t\t\t\t<div class=\"elementor-widget-container\">\n\t\t\t\t\t\t\t\t\t<p><span style=\"color: #ffffff;\"><span style=\"color: #bfbfbf;\"><a style=\"color: #bfbfbf;\" href=\"\/?page_id=58\">Produktbereiche<\/a><\/span><\/span><\/p>\t\t\t\t\t\t\t\t<\/div>\n\t\t\t\t<\/div>\n\t\t\t\t<div class=\"elementor-element elementor-element-83b92f8 elementor-widget elementor-widget-text-editor\" data-id=\"83b92f8\" data-element_type=\"widget\" data-e-type=\"widget\" data-widget_type=\"text-editor.default\">\n\t\t\t\t<div class=\"elementor-widget-container\">\n\t\t\t\t\t\t\t\t\t<p><span style=\"color: #bfbfbf;\"><a style=\"color: #bfbfbf;\" href=\"\/?page_id=60\">Disposition &amp; Steuerung<\/a><\/span><br \/><span style=\"color: #bfbfbf;\"><a style=\"color: #bfbfbf;\" href=\"\/?page_id=71\">Prozessmonitoring<\/a><\/span><br \/><span style=\"color: #bfbfbf;\"><a style=\"color: #bfbfbf;\" href=\"\/?page_id=72\">QS &amp; Prozessdokumentation<\/a><\/span><br \/><span style=\"color: #bfbfbf;\"><a style=\"color: #bfbfbf;\" href=\"\/?page_id=501\">Individuelle L\u00f6sungen<\/a><\/span><br \/><span style=\"color: #bfbfbf;\"><a style=\"color: #bfbfbf;\" href=\"\/?page_id=74\">Smartphones f\u00fcr die Logistik &amp; MDM<\/a><\/span><br \/><span style=\"color: #bfbfbf;\"><a style=\"color: #bfbfbf;\" href=\"\/?page_id=75\">Digitale Strategien<\/a><\/span><\/p>\t\t\t\t\t\t\t\t<\/div>\n\t\t\t\t<\/div>\n\t\t\t\t\t<\/div>\n\t\t<\/div>\n\t\t\t\t\t<\/div>\n\t\t<\/section>\n\t\t\t\t<\/div>\n\t\t","protected":false},"excerpt":{"rendered":"<p>Forschungsprojekt ABSOLUT II &#8211; Tage der digitalen Technologie ABSOLUT II bei den Tagen der digitalen Technologie Im Rahmen der Vorbereitung der &#8222;Tage der digitalen Technologie&#8220; wurde das Projekt ABSOLUT II vom Bundesministeriums f\u00fcr Wirtschaft und Klimaschutz als Leuchtturmprojekt f\u00fcr Digitale Technologie ausgew\u00e4hlt und durfte sich auf dem 2-t\u00e4gigen Kongress vom 7. bis 8. Oktober 2024 [&hellip;]<\/p>\n","protected":false},"author":3,"featured_media":0,"parent":0,"menu_order":0,"comment_status":"closed","ping_status":"closed","template":"","meta":{"ocean_post_layout":"full-screen","ocean_both_sidebars_style":"","ocean_both_sidebars_content_width":0,"ocean_both_sidebars_sidebars_width":0,"ocean_sidebar":"","ocean_second_sidebar":"","ocean_disable_margins":"enable","ocean_add_body_class":"","ocean_shortcode_before_top_bar":"","ocean_shortcode_after_top_bar":"","ocean_shortcode_before_header":"","ocean_shortcode_after_header":"","ocean_has_shortcode":"","ocean_shortcode_after_title":"","ocean_shortcode_before_footer_widgets":"","ocean_shortcode_after_footer_widgets":"","ocean_shortcode_before_footer_bottom":"","ocean_shortcode_after_footer_bottom":"","ocean_display_top_bar":"default","ocean_display_header":"on","ocean_header_style":"","ocean_center_header_left_menu":"","ocean_custom_header_template":"","ocean_custom_logo":0,"ocean_custom_retina_logo":0,"ocean_custom_logo_max_width":0,"ocean_custom_logo_tablet_max_width":0,"ocean_custom_logo_mobile_max_width":0,"ocean_custom_logo_max_height":0,"ocean_custom_logo_tablet_max_height":0,"ocean_custom_logo_mobile_max_height":0,"ocean_header_custom_menu":"","ocean_menu_typo_font_family":"","ocean_menu_typo_font_subset":"","ocean_menu_typo_font_size":0,"ocean_menu_typo_font_size_tablet":0,"ocean_menu_typo_font_size_mobile":0,"ocean_menu_typo_font_size_unit":"px","ocean_menu_typo_font_weight":"","ocean_menu_typo_font_weight_tablet":"","ocean_menu_typo_font_weight_mobile":"","ocean_menu_typo_transform":"","ocean_menu_typo_transform_tablet":"","ocean_menu_typo_transform_mobile":"","ocean_menu_typo_line_height":0,"ocean_menu_typo_line_height_tablet":0,"ocean_menu_typo_line_height_mobile":0,"ocean_menu_typo_line_height_unit":"","ocean_menu_typo_spacing":0,"ocean_menu_typo_spacing_tablet":0,"ocean_menu_typo_spacing_mobile":0,"ocean_menu_typo_spacing_unit":"","ocean_menu_link_color":"","ocean_menu_link_color_hover":"","ocean_menu_link_color_active":"","ocean_menu_link_background":"","ocean_menu_link_hover_background":"","ocean_menu_link_active_background":"","ocean_menu_social_links_bg":"","ocean_menu_social_hover_links_bg":"","ocean_menu_social_links_color":"","ocean_menu_social_hover_links_color":"","ocean_disable_title":"on","ocean_disable_heading":"default","ocean_post_title":"","ocean_post_subheading":"","ocean_post_title_style":"","ocean_post_title_background_color":"","ocean_post_title_background":0,"ocean_post_title_bg_image_position":"","ocean_post_title_bg_image_attachment":"","ocean_post_title_bg_image_repeat":"","ocean_post_title_bg_image_size":"","ocean_post_title_height":0,"ocean_post_title_bg_overlay":0.5,"ocean_post_title_bg_overlay_color":"","ocean_disable_breadcrumbs":"default","ocean_breadcrumbs_color":"","ocean_breadcrumbs_separator_color":"","ocean_breadcrumbs_links_color":"","ocean_breadcrumbs_links_hover_color":"","ocean_display_footer_widgets":"default","ocean_display_footer_bottom":"default","ocean_custom_footer_template":"","footnotes":""},"class_list":["post-5446","page","type-page","status-publish","hentry","entry"],"_links":{"self":[{"href":"https:\/\/www.glts-cotech.de\/index.php?rest_route=\/wp\/v2\/pages\/5446","targetHints":{"allow":["GET"]}}],"collection":[{"href":"https:\/\/www.glts-cotech.de\/index.php?rest_route=\/wp\/v2\/pages"}],"about":[{"href":"https:\/\/www.glts-cotech.de\/index.php?rest_route=\/wp\/v2\/types\/page"}],"author":[{"embeddable":true,"href":"https:\/\/www.glts-cotech.de\/index.php?rest_route=\/wp\/v2\/users\/3"}],"replies":[{"embeddable":true,"href":"https:\/\/www.glts-cotech.de\/index.php?rest_route=%2Fwp%2Fv2%2Fcomments&post=5446"}],"version-history":[{"count":129,"href":"https:\/\/www.glts-cotech.de\/index.php?rest_route=\/wp\/v2\/pages\/5446\/revisions"}],"predecessor-version":[{"id":5935,"href":"https:\/\/www.glts-cotech.de\/index.php?rest_route=\/wp\/v2\/pages\/5446\/revisions\/5935"}],"wp:attachment":[{"href":"https:\/\/www.glts-cotech.de\/index.php?rest_route=%2Fwp%2Fv2%2Fmedia&parent=5446"}],"curies":[{"name":"wp","href":"https:\/\/api.w.org\/{rel}","templated":true}]}}