{"id":61,"date":"2020-03-24T09:52:25","date_gmt":"2020-03-24T08:52:25","guid":{"rendered":"https:\/\/reltest.glts-cotech.de\/?page_id=61"},"modified":"2023-09-18T09:37:16","modified_gmt":"2023-09-18T07:37:16","slug":"new-page3","status":"publish","type":"page","link":"https:\/\/www.glts-cotech.de\/?page_id=61","title":{"rendered":"service_support"},"content":{"rendered":"\t\t<div data-elementor-type=\"wp-page\" data-elementor-id=\"61\" class=\"elementor elementor-61\">\n\t\t\t\t\t\t<section class=\"elementor-section elementor-top-section elementor-element elementor-element-dc809e1 elementor-section-height-min-height elementor-section-boxed elementor-section-height-default elementor-section-items-middle\" data-id=\"dc809e1\" data-element_type=\"section\" data-e-type=\"section\" data-settings=\"{&quot;background_background&quot;:&quot;classic&quot;}\">\n\t\t\t\t\t\t<div class=\"elementor-container elementor-column-gap-default\">\n\t\t\t\t\t<div class=\"elementor-column elementor-col-100 elementor-top-column elementor-element elementor-element-2d5acb14\" data-id=\"2d5acb14\" data-element_type=\"column\" data-e-type=\"column\">\n\t\t\t<div class=\"elementor-widget-wrap\">\n\t\t\t\t\t\t\t<\/div>\n\t\t<\/div>\n\t\t\t\t\t<\/div>\n\t\t<\/section>\n\t\t\t\t<section class=\"elementor-section elementor-top-section elementor-element elementor-element-e768eb9 elementor-section-boxed elementor-section-height-default elementor-section-height-default\" data-id=\"e768eb9\" data-element_type=\"section\" data-e-type=\"section\" data-settings=\"{&quot;background_background&quot;:&quot;classic&quot;}\">\n\t\t\t\t\t\t<div class=\"elementor-container elementor-column-gap-default\">\n\t\t\t\t\t<div class=\"elementor-column elementor-col-100 elementor-top-column elementor-element elementor-element-7673cc9e\" data-id=\"7673cc9e\" data-element_type=\"column\" data-e-type=\"column\">\n\t\t\t<div class=\"elementor-widget-wrap elementor-element-populated\">\n\t\t\t\t\t\t<div class=\"elementor-element elementor-element-1b9594c2 elementor-widget elementor-widget-text-editor\" data-id=\"1b9594c2\" data-element_type=\"widget\" data-e-type=\"widget\" data-widget_type=\"text-editor.default\">\n\t\t\t\t<div class=\"elementor-widget-container\">\n\t\t\t\t\t\t\t\t\t<p>Service und Support<\/p>\t\t\t\t\t\t\t\t<\/div>\n\t\t\t\t<\/div>\n\t\t\t\t\t<\/div>\n\t\t<\/div>\n\t\t\t\t\t<\/div>\n\t\t<\/section>\n\t\t\t\t<section class=\"elementor-section elementor-top-section elementor-element elementor-element-58cea3f elementor-section-boxed elementor-section-height-default elementor-section-height-default\" data-id=\"58cea3f\" data-element_type=\"section\" data-e-type=\"section\">\n\t\t\t\t\t\t<div class=\"elementor-container elementor-column-gap-default\">\n\t\t\t\t\t<div class=\"elementor-column elementor-col-33 elementor-top-column elementor-element elementor-element-6461561\" data-id=\"6461561\" data-element_type=\"column\" data-e-type=\"column\">\n\t\t\t<div class=\"elementor-widget-wrap elementor-element-populated\">\n\t\t\t\t\t\t<div class=\"elementor-element elementor-element-5fd65cf elementor-widget elementor-widget-image\" data-id=\"5fd65cf\" data-element_type=\"widget\" data-e-type=\"widget\" data-widget_type=\"image.default\">\n\t\t\t\t<div class=\"elementor-widget-container\">\n\t\t\t\t\t\t\t\t\t\t\t\t\t\t\t<img decoding=\"async\" src=\"https:\/\/www.glts-cotech.de\/wp-content\/uploads\/elementor\/thumbs\/massgeschneiderte_produk-oohgrisoojkfhjcfxw2lfmsxkg231bfezb8k4hruvk.jpg\" title=\"massgeschneiderte_produk\" alt=\"massgeschneiderte_produk\" loading=\"lazy\" \/>\t\t\t\t\t\t\t\t\t\t\t\t\t\t\t<\/div>\n\t\t\t\t<\/div>\n\t\t\t\t\t<\/div>\n\t\t<\/div>\n\t\t\t\t<div class=\"elementor-column elementor-col-33 elementor-top-column elementor-element elementor-element-04b9a87\" data-id=\"04b9a87\" data-element_type=\"column\" data-e-type=\"column\">\n\t\t\t<div class=\"elementor-widget-wrap elementor-element-populated\">\n\t\t\t\t\t\t<div class=\"elementor-element elementor-element-57edcbd elementor-widget elementor-widget-text-editor\" data-id=\"57edcbd\" data-element_type=\"widget\" data-e-type=\"widget\" data-widget_type=\"text-editor.default\">\n\t\t\t\t<div class=\"elementor-widget-container\">\n\t\t\t\t\t\t\t\t\t<p>Alles aus einer Hand<\/p>\t\t\t\t\t\t\t\t<\/div>\n\t\t\t\t<\/div>\n\t\t\t\t<div class=\"elementor-element elementor-element-0b33926 elementor-widget elementor-widget-text-editor\" data-id=\"0b33926\" data-element_type=\"widget\" data-e-type=\"widget\" data-widget_type=\"text-editor.default\">\n\t\t\t\t<div class=\"elementor-widget-container\">\n\t\t\t\t\t\t\t\t\t<p>Unsere\u00a0IT-Spezialisten begleiten Sie bei der Anpassung des Systems an Ihre Anforderungen, der Einf\u00fchrung und Inbetriebnahme sowie sowie w\u00e4hrend des Betriebes zur Unterst\u00fctzung, teilweise auch vor Ort. Die Aufnahme und Umsetzung der Abl\u00e4ufe und Anforderungen vor Ort hat sich in den letzten Jahren bew\u00e4hrt. Weiterhin unterst\u00fctzen wir Sie bei der\u00a0Inbetriebnahme und Einrichtung, Einweisung und Schulung.<\/p>\t\t\t\t\t\t\t\t<\/div>\n\t\t\t\t<\/div>\n\t\t\t\t\t<\/div>\n\t\t<\/div>\n\t\t\t\t<div class=\"elementor-column elementor-col-33 elementor-top-column elementor-element elementor-element-1d5550f\" data-id=\"1d5550f\" data-element_type=\"column\" data-e-type=\"column\">\n\t\t\t<div class=\"elementor-widget-wrap elementor-element-populated\">\n\t\t\t\t\t\t<div class=\"elementor-element elementor-element-ab70bbf elementor-widget elementor-widget-text-editor\" data-id=\"ab70bbf\" data-element_type=\"widget\" data-e-type=\"widget\" data-widget_type=\"text-editor.default\">\n\t\t\t\t<div class=\"elementor-widget-container\">\n\t\t\t\t\t\t\t\t\t<p>Unser Service f\u00fcr Sie<\/p>\t\t\t\t\t\t\t\t<\/div>\n\t\t\t\t<\/div>\n\t\t\t\t<div class=\"elementor-element elementor-element-28ff43c elementor-widget elementor-widget-text-editor\" data-id=\"28ff43c\" data-element_type=\"widget\" data-e-type=\"widget\" data-widget_type=\"text-editor.default\">\n\t\t\t\t<div class=\"elementor-widget-container\">\n\t\t\t\t\t\t\t\t\t<ul><li>Komplette Neuentwicklungen und Umsetzung Ihrer Ideen<\/li><li>Anpassung unserer Systeme an Ihre Anforderungen<\/li><li>Schaffen von Schnittstellen zu bestehenden Systemen\u00a0<span style=\"font-size: 16px; color: var( --e-global-color-text );\">der glts cotech GmbH (Tracking-Module und Mobile Guard)<\/span><\/li><li>Einrichtung von Fahrzeugen und Flotten auf dem Internetportal<\/li><li>Weiterentwicklung, Bereitstellung von Softwareupdates<\/li><li>Wartung und \u00dcberwachung der Flotten zur Fr\u00fcherkennung bei Funktionsst\u00f6rungen und f\u00fcr einen einwandfreien Betrieb\u00a0<\/li><li>Reibungslose Abwicklung in Reparaturf\u00e4llen und Bereitstellung von Ersatzware<\/li><\/ul>\t\t\t\t\t\t\t\t<\/div>\n\t\t\t\t<\/div>\n\t\t\t\t\t<\/div>\n\t\t<\/div>\n\t\t\t\t\t<\/div>\n\t\t<\/section>\n\t\t\t\t<section class=\"elementor-section elementor-top-section elementor-element elementor-element-58e3b578 elementor-section-boxed elementor-section-height-default elementor-section-height-default\" data-id=\"58e3b578\" data-element_type=\"section\" data-e-type=\"section\" data-settings=\"{&quot;background_background&quot;:&quot;classic&quot;}\">\n\t\t\t\t\t\t<div class=\"elementor-container elementor-column-gap-default\">\n\t\t\t\t\t<div class=\"elementor-column elementor-col-100 elementor-top-column elementor-element elementor-element-133f5d08\" data-id=\"133f5d08\" data-element_type=\"column\" data-e-type=\"column\" data-settings=\"{&quot;background_background&quot;:&quot;classic&quot;}\">\n\t\t\t<div class=\"elementor-widget-wrap elementor-element-populated\">\n\t\t\t\t\t\t<div class=\"elementor-element elementor-element-54c557e6 elementor-widget elementor-widget-text-editor\" data-id=\"54c557e6\" data-element_type=\"widget\" data-e-type=\"widget\" data-widget_type=\"text-editor.default\">\n\t\t\t\t<div class=\"elementor-widget-container\">\n\t\t\t\t\t\t\t\t\t<p>Sie erreichen uns:<\/p><p>Montag &#8211; Donnerstag von 8:00 &#8211; 17:00 Uhr<br \/>Freitag von 8:00 &#8211; 16:00 Uhr<br \/>Telefon: +49 341 &#8211; 651 44 05<br \/>E-Mail: info@glts-cotech.de<\/p>\t\t\t\t\t\t\t\t<\/div>\n\t\t\t\t<\/div>\n\t\t\t\t\t<\/div>\n\t\t<\/div>\n\t\t\t\t\t<\/div>\n\t\t<\/section>\n\t\t\t\t<section class=\"elementor-section elementor-top-section elementor-element elementor-element-24302dd1 elementor-section-boxed elementor-section-height-default elementor-section-height-default\" data-id=\"24302dd1\" data-element_type=\"section\" data-e-type=\"section\">\n\t\t\t\t\t\t<div class=\"elementor-container elementor-column-gap-default\">\n\t\t\t\t\t<div class=\"elementor-column elementor-col-100 elementor-top-column elementor-element elementor-element-58616686\" data-id=\"58616686\" data-element_type=\"column\" data-e-type=\"column\">\n\t\t\t<div class=\"elementor-widget-wrap elementor-element-populated\">\n\t\t\t\t\t\t<div class=\"elementor-element elementor-element-8d45412 elementor-widget elementor-widget-text-editor\" data-id=\"8d45412\" data-element_type=\"widget\" data-e-type=\"widget\" data-widget_type=\"text-editor.default\">\n\t\t\t\t<div class=\"elementor-widget-container\">\n\t\t\t\t\t\t\t\t\t<p>Wir unterst\u00fctzen Sie<\/p>\t\t\t\t\t\t\t\t<\/div>\n\t\t\t\t<\/div>\n\t\t\t\t\t<\/div>\n\t\t<\/div>\n\t\t\t\t\t<\/div>\n\t\t<\/section>\n\t\t\t\t<section class=\"elementor-section elementor-top-section elementor-element elementor-element-b693e39 elementor-section-boxed elementor-section-height-default elementor-section-height-default\" data-id=\"b693e39\" data-element_type=\"section\" data-e-type=\"section\">\n\t\t\t\t\t\t<div class=\"elementor-container elementor-column-gap-default\">\n\t\t\t\t\t<div class=\"elementor-column elementor-col-100 elementor-top-column elementor-element elementor-element-338fd1a7\" data-id=\"338fd1a7\" data-element_type=\"column\" data-e-type=\"column\">\n\t\t\t<div class=\"elementor-widget-wrap elementor-element-populated\">\n\t\t\t\t\t\t<div class=\"elementor-element elementor-element-554cc7b elementor-widget elementor-widget-text-editor\" data-id=\"554cc7b\" data-element_type=\"widget\" data-e-type=\"widget\" data-widget_type=\"text-editor.default\">\n\t\t\t\t<div class=\"elementor-widget-container\">\n\t\t\t\t\t\t\t\t\t<ul><li>Bei der Installation, Einweisung und Schulung Ihres Personals, auch vor Ort\u00a0<\/li><li>Bei der Einrichtung oder \u00c4nderung der Fahrzeuge und Flotten sowie Hilfestellung bei Problemen durch kompetente Ansprechpartner<\/li><li>Helfen bei der Einrichtung der Benutzerverwaltung und Filialenverwaltung<\/li><li>Parametrieren der Fahrzeuge zur Optimierung der Kommunikationskosten<\/li><li>\u00dcberpr\u00fcfen der Ger\u00e4te mittels Ferndiagnose<\/li><\/ul>\t\t\t\t\t\t\t\t<\/div>\n\t\t\t\t<\/div>\n\t\t\t\t\t<\/div>\n\t\t<\/div>\n\t\t\t\t\t<\/div>\n\t\t<\/section>\n\t\t\t\t<section class=\"elementor-section elementor-top-section elementor-element elementor-element-4e2efa8 elementor-section-boxed elementor-section-height-default elementor-section-height-default\" data-id=\"4e2efa8\" data-element_type=\"section\" data-e-type=\"section\">\n\t\t\t\t\t\t<div class=\"elementor-container elementor-column-gap-default\">\n\t\t\t\t\t<div class=\"elementor-column elementor-col-100 elementor-top-column elementor-element elementor-element-8b6b2f7\" data-id=\"8b6b2f7\" data-element_type=\"column\" data-e-type=\"column\">\n\t\t\t<div class=\"elementor-widget-wrap elementor-element-populated\">\n\t\t\t\t\t\t<div class=\"elementor-element elementor-element-57b4f32 elementor-widget elementor-widget-text-editor\" data-id=\"57b4f32\" data-element_type=\"widget\" data-e-type=\"widget\" data-widget_type=\"text-editor.default\">\n\t\t\t\t<div class=\"elementor-widget-container\">\n\t\t\t\t\t\t\t\t\t<p>Testen Sie unsere Produkte!<\/p>\t\t\t\t\t\t\t\t<\/div>\n\t\t\t\t<\/div>\n\t\t\t\t\t<\/div>\n\t\t<\/div>\n\t\t\t\t\t<\/div>\n\t\t<\/section>\n\t\t\t\t<section class=\"elementor-section elementor-top-section elementor-element elementor-element-aabbfb8 elementor-section-boxed elementor-section-height-default elementor-section-height-default\" data-id=\"aabbfb8\" data-element_type=\"section\" data-e-type=\"section\">\n\t\t\t\t\t\t<div class=\"elementor-container elementor-column-gap-default\">\n\t\t\t\t\t<div class=\"elementor-column elementor-col-100 elementor-top-column elementor-element elementor-element-bc7278f\" data-id=\"bc7278f\" data-element_type=\"column\" data-e-type=\"column\">\n\t\t\t<div class=\"elementor-widget-wrap elementor-element-populated\">\n\t\t\t\t\t\t<div class=\"elementor-element elementor-element-f23673c elementor-widget elementor-widget-text-editor\" data-id=\"f23673c\" data-element_type=\"widget\" data-e-type=\"widget\" data-widget_type=\"text-editor.default\">\n\t\t\t\t<div class=\"elementor-widget-container\">\n\t\t\t\t\t\t\t\t\t<p>\u00a0Wir stellen Ihnen auch gern unsere Systeme zum Testbetrieb zur Verf\u00fcgung.<\/p>\t\t\t\t\t\t\t\t<\/div>\n\t\t\t\t<\/div>\n\t\t\t\t\t<\/div>\n\t\t<\/div>\n\t\t\t\t\t<\/div>\n\t\t<\/section>\n\t\t\t\t<section class=\"elementor-section elementor-top-section elementor-element elementor-element-08ada4a elementor-section-boxed elementor-section-height-default elementor-section-height-default\" data-id=\"08ada4a\" data-element_type=\"section\" data-e-type=\"section\" data-settings=\"{&quot;background_background&quot;:&quot;gradient&quot;}\">\n\t\t\t\t\t\t<div class=\"elementor-container elementor-column-gap-default\">\n\t\t\t\t\t<div class=\"elementor-column elementor-col-33 elementor-top-column elementor-element elementor-element-6be9039\" data-id=\"6be9039\" data-element_type=\"column\" data-e-type=\"column\">\n\t\t\t<div class=\"elementor-widget-wrap elementor-element-populated\">\n\t\t\t\t\t\t<div class=\"elementor-element elementor-element-c84990f elementor-widget elementor-widget-text-editor\" data-id=\"c84990f\" data-element_type=\"widget\" data-e-type=\"widget\" data-widget_type=\"text-editor.default\">\n\t\t\t\t<div class=\"elementor-widget-container\">\n\t\t\t\t\t\t\t\t\t<span style=\"color: #bfbfbf;\">glts cotech GmbH<\/span>\t\t\t\t\t\t\t\t<\/div>\n\t\t\t\t<\/div>\n\t\t\t\t<div class=\"elementor-element elementor-element-1153f23 elementor-widget elementor-widget-text-editor\" data-id=\"1153f23\" data-element_type=\"widget\" data-e-type=\"widget\" data-widget_type=\"text-editor.default\">\n\t\t\t\t<div class=\"elementor-widget-container\">\n\t\t\t\t\t\t\t\t\t<p><span style=\"color: #bfbfbf;\">Handelsplatz 1 b<\/span><br \/><span style=\"color: #bfbfbf;\">04319 Leipzig<\/span><br \/><span style=\"color: #bfbfbf;\">Tel. +49 341 6514405<\/span><br \/><span style=\"color: #bfbfbf;\">info@glts-cotech.de<\/span><\/p>\t\t\t\t\t\t\t\t<\/div>\n\t\t\t\t<\/div>\n\t\t\t\t\t<\/div>\n\t\t<\/div>\n\t\t\t\t<div class=\"elementor-column elementor-col-33 elementor-top-column elementor-element elementor-element-d0d0f33\" data-id=\"d0d0f33\" data-element_type=\"column\" data-e-type=\"column\">\n\t\t\t<div class=\"elementor-widget-wrap elementor-element-populated\">\n\t\t\t\t\t\t<div class=\"elementor-element elementor-element-62b79d0 elementor-widget elementor-widget-text-editor\" data-id=\"62b79d0\" data-element_type=\"widget\" data-e-type=\"widget\" data-widget_type=\"text-editor.default\">\n\t\t\t\t<div class=\"elementor-widget-container\">\n\t\t\t\t\t\t\t\t\t<p><a href=\"https:\/\/www.glts-cotech.de\/\" data-wplink-edit=\"true\"><span style=\"color: #bfbfbf;\">Schnell ans Ziel<\/span><\/a><\/p>\t\t\t\t\t\t\t\t<\/div>\n\t\t\t\t<\/div>\n\t\t\t\t<div class=\"elementor-element elementor-element-04fda44 elementor-widget elementor-widget-text-editor\" data-id=\"04fda44\" data-element_type=\"widget\" data-e-type=\"widget\" data-widget_type=\"text-editor.default\">\n\t\t\t\t<div class=\"elementor-widget-container\">\n\t\t\t\t\t\t\t\t\t<p><span style=\"color: #bfbfbf;\"><a style=\"color: #bfbfbf;\" href=\"\/?page_id=55\">Unternehmen<\/a><\/span><br \/><span style=\"color: #bfbfbf;\"><a style=\"color: #bfbfbf;\" href=\"\/?page_id=64\">Job &amp; Karriere<\/a><\/span><br \/><span style=\"color: #bfbfbf;\"><a style=\"color: #bfbfbf;\" href=\"\/?page_id=68\">F\u00f6rderung<\/a><\/span><br \/><span style=\"color: #bfbfbf;\"><a style=\"color: #bfbfbf;\" href=\"\/?page_id=61\">Service &amp; Support<\/a><\/span><\/p>\t\t\t\t\t\t\t\t<\/div>\n\t\t\t\t<\/div>\n\t\t\t\t\t<\/div>\n\t\t<\/div>\n\t\t\t\t<div class=\"elementor-column elementor-col-33 elementor-top-column elementor-element elementor-element-1d9779b\" data-id=\"1d9779b\" data-element_type=\"column\" data-e-type=\"column\">\n\t\t\t<div class=\"elementor-widget-wrap elementor-element-populated\">\n\t\t\t\t\t\t<div class=\"elementor-element elementor-element-ef06604 elementor-widget elementor-widget-text-editor\" data-id=\"ef06604\" data-element_type=\"widget\" data-e-type=\"widget\" data-widget_type=\"text-editor.default\">\n\t\t\t\t<div class=\"elementor-widget-container\">\n\t\t\t\t\t\t\t\t\t<p><span style=\"color: #ffffff;\"><span style=\"color: #bfbfbf;\"><a style=\"color: #bfbfbf;\" href=\"\/?page_id=58\">Produktbereiche<\/a><\/span><\/span><\/p>\t\t\t\t\t\t\t\t<\/div>\n\t\t\t\t<\/div>\n\t\t\t\t<div class=\"elementor-element elementor-element-b2b6958 elementor-widget elementor-widget-text-editor\" data-id=\"b2b6958\" data-element_type=\"widget\" data-e-type=\"widget\" data-widget_type=\"text-editor.default\">\n\t\t\t\t<div class=\"elementor-widget-container\">\n\t\t\t\t\t\t\t\t\t<p><span style=\"color: #bfbfbf;\"><a style=\"color: #bfbfbf;\" href=\"\/?page_id=60\">Disposition &amp; Steuerung<\/a><\/span><br \/><span style=\"color: #bfbfbf;\"><a style=\"color: #bfbfbf;\" href=\"\/?page_id=71\">Prozessmonitoring<\/a><\/span><br \/><span style=\"color: #bfbfbf;\"><a style=\"color: #bfbfbf;\" href=\"\/?page_id=72\">QS &amp; Prozessdokumentation<\/a><\/span><br \/><span style=\"color: #bfbfbf;\"><a style=\"color: #bfbfbf;\" href=\"\/?page_id=501\">Individuelle L\u00f6sungen<\/a><\/span><br \/><span style=\"color: #bfbfbf;\"><a style=\"color: #bfbfbf;\" href=\"\/?page_id=74\">Smartphones f\u00fcr die Logistik &amp; MDM<\/a><\/span><br \/><span style=\"color: #bfbfbf;\"><a style=\"color: #bfbfbf;\" href=\"\/?page_id=75\">Digitale Strategien<\/a><\/span><\/p>\t\t\t\t\t\t\t\t<\/div>\n\t\t\t\t<\/div>\n\t\t\t\t\t<\/div>\n\t\t<\/div>\n\t\t\t\t\t<\/div>\n\t\t<\/section>\n\t\t\t\t<\/div>\n\t\t","protected":false},"excerpt":{"rendered":"<p>Service und Support Alles aus einer Hand Unsere\u00a0IT-Spezialisten begleiten Sie bei der Anpassung des Systems an Ihre Anforderungen, der Einf\u00fchrung und Inbetriebnahme sowie sowie w\u00e4hrend des Betriebes zur Unterst\u00fctzung, teilweise auch vor Ort. Die Aufnahme und Umsetzung der Abl\u00e4ufe und Anforderungen vor Ort hat sich in den letzten Jahren bew\u00e4hrt. Weiterhin unterst\u00fctzen wir Sie bei [&hellip;]<\/p>\n","protected":false},"author":2,"featured_media":0,"parent":0,"menu_order":7,"comment_status":"closed","ping_status":"closed","template":"","meta":{"ocean_post_layout":"full-screen","ocean_both_sidebars_style":"","ocean_both_sidebars_content_width":0,"ocean_both_sidebars_sidebars_width":0,"ocean_sidebar":"0","ocean_second_sidebar":"0","ocean_disable_margins":"enable","ocean_add_body_class":"","ocean_shortcode_before_top_bar":"","ocean_shortcode_after_top_bar":"","ocean_shortcode_before_header":"","ocean_shortcode_after_header":"","ocean_has_shortcode":"","ocean_shortcode_after_title":"","ocean_shortcode_before_footer_widgets":"","ocean_shortcode_after_footer_widgets":"","ocean_shortcode_before_footer_bottom":"","ocean_shortcode_after_footer_bottom":"","ocean_display_top_bar":"default","ocean_display_header":"default","ocean_header_style":"","ocean_center_header_left_menu":"0","ocean_custom_header_template":"0","ocean_custom_logo":0,"ocean_custom_retina_logo":0,"ocean_custom_logo_max_width":0,"ocean_custom_logo_tablet_max_width":0,"ocean_custom_logo_mobile_max_width":0,"ocean_custom_logo_max_height":0,"ocean_custom_logo_tablet_max_height":0,"ocean_custom_logo_mobile_max_height":0,"ocean_header_custom_menu":"0","ocean_menu_typo_font_family":"0","ocean_menu_typo_font_subset":"","ocean_menu_typo_font_size":0,"ocean_menu_typo_font_size_tablet":0,"ocean_menu_typo_font_size_mobile":0,"ocean_menu_typo_font_size_unit":"px","ocean_menu_typo_font_weight":"","ocean_menu_typo_font_weight_tablet":"","ocean_menu_typo_font_weight_mobile":"","ocean_menu_typo_transform":"","ocean_menu_typo_transform_tablet":"","ocean_menu_typo_transform_mobile":"","ocean_menu_typo_line_height":0,"ocean_menu_typo_line_height_tablet":0,"ocean_menu_typo_line_height_mobile":0,"ocean_menu_typo_line_height_unit":"","ocean_menu_typo_spacing":0,"ocean_menu_typo_spacing_tablet":0,"ocean_menu_typo_spacing_mobile":0,"ocean_menu_typo_spacing_unit":"","ocean_menu_link_color":"","ocean_menu_link_color_hover":"","ocean_menu_link_color_active":"","ocean_menu_link_background":"","ocean_menu_link_hover_background":"","ocean_menu_link_active_background":"","ocean_menu_social_links_bg":"","ocean_menu_social_hover_links_bg":"","ocean_menu_social_links_color":"","ocean_menu_social_hover_links_color":"","ocean_disable_title":"on","ocean_disable_heading":"default","ocean_post_title":"","ocean_post_subheading":"","ocean_post_title_style":"","ocean_post_title_background_color":"","ocean_post_title_background":0,"ocean_post_title_bg_image_position":"","ocean_post_title_bg_image_attachment":"","ocean_post_title_bg_image_repeat":"","ocean_post_title_bg_image_size":"","ocean_post_title_height":0,"ocean_post_title_bg_overlay":0.5,"ocean_post_title_bg_overlay_color":"","ocean_disable_breadcrumbs":"default","ocean_breadcrumbs_color":"","ocean_breadcrumbs_separator_color":"","ocean_breadcrumbs_links_color":"","ocean_breadcrumbs_links_hover_color":"","ocean_display_footer_widgets":"default","ocean_display_footer_bottom":"default","ocean_custom_footer_template":"0","footnotes":""},"class_list":["post-61","page","type-page","status-publish","hentry","entry"],"_links":{"self":[{"href":"https:\/\/www.glts-cotech.de\/index.php?rest_route=\/wp\/v2\/pages\/61","targetHints":{"allow":["GET"]}}],"collection":[{"href":"https:\/\/www.glts-cotech.de\/index.php?rest_route=\/wp\/v2\/pages"}],"about":[{"href":"https:\/\/www.glts-cotech.de\/index.php?rest_route=\/wp\/v2\/types\/page"}],"author":[{"embeddable":true,"href":"https:\/\/www.glts-cotech.de\/index.php?rest_route=\/wp\/v2\/users\/2"}],"replies":[{"embeddable":true,"href":"https:\/\/www.glts-cotech.de\/index.php?rest_route=%2Fwp%2Fv2%2Fcomments&post=61"}],"version-history":[{"count":43,"href":"https:\/\/www.glts-cotech.de\/index.php?rest_route=\/wp\/v2\/pages\/61\/revisions"}],"predecessor-version":[{"id":4951,"href":"https:\/\/www.glts-cotech.de\/index.php?rest_route=\/wp\/v2\/pages\/61\/revisions\/4951"}],"wp:attachment":[{"href":"https:\/\/www.glts-cotech.de\/index.php?rest_route=%2Fwp%2Fv2%2Fmedia&parent=61"}],"curies":[{"name":"wp","href":"https:\/\/api.w.org\/{rel}","templated":true}]}}