{"id":956,"date":"2023-02-16T09:11:20","date_gmt":"2023-02-16T08:11:20","guid":{"rendered":"https:\/\/reltest.glts-cotech.de\/?page_id=956"},"modified":"2023-11-15T14:19:06","modified_gmt":"2023-11-15T13:19:06","slug":"forschungsprojekt-absolut","status":"publish","type":"page","link":"https:\/\/www.glts-cotech.de\/?page_id=956","title":{"rendered":"Forschungsprojekt ABSOLUT"},"content":{"rendered":"\t\t<div data-elementor-type=\"wp-page\" data-elementor-id=\"956\" class=\"elementor elementor-956\">\n\t\t\t\t\t\t<section class=\"elementor-section elementor-top-section elementor-element elementor-element-4b7cbf5d elementor-section-height-min-height elementor-section-boxed elementor-section-height-default elementor-section-items-middle\" data-id=\"4b7cbf5d\" data-element_type=\"section\" data-e-type=\"section\" data-settings=\"{&quot;background_background&quot;:&quot;classic&quot;}\">\n\t\t\t\t\t\t<div class=\"elementor-container elementor-column-gap-default\">\n\t\t\t\t\t<div class=\"elementor-column elementor-col-100 elementor-top-column elementor-element elementor-element-7fc053fd\" data-id=\"7fc053fd\" data-element_type=\"column\" data-e-type=\"column\">\n\t\t\t<div class=\"elementor-widget-wrap\">\n\t\t\t\t\t\t\t<\/div>\n\t\t<\/div>\n\t\t\t\t\t<\/div>\n\t\t<\/section>\n\t\t\t\t<section class=\"elementor-section elementor-top-section elementor-element elementor-element-7cd41d0d elementor-section-boxed elementor-section-height-default elementor-section-height-default\" data-id=\"7cd41d0d\" data-element_type=\"section\" data-e-type=\"section\" data-settings=\"{&quot;background_background&quot;:&quot;classic&quot;}\">\n\t\t\t\t\t\t<div class=\"elementor-container elementor-column-gap-default\">\n\t\t\t\t\t<div class=\"elementor-column elementor-col-100 elementor-top-column elementor-element elementor-element-239d0926\" data-id=\"239d0926\" data-element_type=\"column\" data-e-type=\"column\">\n\t\t\t<div class=\"elementor-widget-wrap elementor-element-populated\">\n\t\t\t\t\t\t<div class=\"elementor-element elementor-element-485b3413 elementor-widget elementor-widget-text-editor\" data-id=\"485b3413\" data-element_type=\"widget\" data-e-type=\"widget\" data-widget_type=\"text-editor.default\">\n\t\t\t\t<div class=\"elementor-widget-container\">\n\t\t\t\t\t\t\t\t\t<p>Forschungsprojekt ABSOLUT<\/p>\t\t\t\t\t\t\t\t<\/div>\n\t\t\t\t<\/div>\n\t\t\t\t\t<\/div>\n\t\t<\/div>\n\t\t\t\t\t<\/div>\n\t\t<\/section>\n\t\t\t\t<section class=\"elementor-section elementor-top-section elementor-element elementor-element-f6edc1d elementor-section-boxed elementor-section-height-default elementor-section-height-default\" data-id=\"f6edc1d\" data-element_type=\"section\" data-e-type=\"section\">\n\t\t\t\t\t\t<div class=\"elementor-container elementor-column-gap-default\">\n\t\t\t\t\t<div class=\"elementor-column elementor-col-33 elementor-top-column elementor-element elementor-element-1e04fde\" data-id=\"1e04fde\" data-element_type=\"column\" data-e-type=\"column\">\n\t\t\t<div class=\"elementor-widget-wrap\">\n\t\t\t\t\t\t\t<\/div>\n\t\t<\/div>\n\t\t\t\t<div class=\"elementor-column elementor-col-33 elementor-top-column elementor-element elementor-element-df5e5c6\" data-id=\"df5e5c6\" data-element_type=\"column\" data-e-type=\"column\">\n\t\t\t<div class=\"elementor-widget-wrap elementor-element-populated\">\n\t\t\t\t\t\t<div class=\"elementor-element elementor-element-c70a2f2 elementor-widget elementor-widget-image\" data-id=\"c70a2f2\" data-element_type=\"widget\" data-e-type=\"widget\" data-widget_type=\"image.default\">\n\t\t\t\t<div class=\"elementor-widget-container\">\n\t\t\t\t\t\t\t\t\t\t\t\t\t\t\t\t<a href=\"https:\/\/www.absolut-project.com\/de\" target=\"_blank\">\n\t\t\t\t\t\t\t<img fetchpriority=\"high\" decoding=\"async\" width=\"610\" height=\"200\" src=\"https:\/\/www.glts-cotech.de\/wp-content\/uploads\/2023\/02\/Logo-ABSOLUT.png\" class=\"attachment-large size-large wp-image-598\" alt=\"\" srcset=\"https:\/\/www.glts-cotech.de\/wp-content\/uploads\/2023\/02\/Logo-ABSOLUT.png 610w, https:\/\/www.glts-cotech.de\/wp-content\/uploads\/2023\/02\/Logo-ABSOLUT-300x98.png 300w\" sizes=\"(max-width: 610px) 100vw, 610px\" \/>\t\t\t\t\t\t\t\t<\/a>\n\t\t\t\t\t\t\t\t\t\t\t\t\t\t\t<\/div>\n\t\t\t\t<\/div>\n\t\t\t\t\t<\/div>\n\t\t<\/div>\n\t\t\t\t<div class=\"elementor-column elementor-col-33 elementor-top-column elementor-element elementor-element-2e1645b\" data-id=\"2e1645b\" data-element_type=\"column\" data-e-type=\"column\">\n\t\t\t<div class=\"elementor-widget-wrap\">\n\t\t\t\t\t\t\t<\/div>\n\t\t<\/div>\n\t\t\t\t\t<\/div>\n\t\t<\/section>\n\t\t\t\t<section class=\"elementor-section elementor-top-section elementor-element elementor-element-c4164c3 elementor-section-boxed elementor-section-height-default elementor-section-height-default\" data-id=\"c4164c3\" data-element_type=\"section\" data-e-type=\"section\">\n\t\t\t\t\t\t<div class=\"elementor-container elementor-column-gap-default\">\n\t\t\t\t\t<div class=\"elementor-column elementor-col-100 elementor-top-column elementor-element elementor-element-640b7a3\" data-id=\"640b7a3\" data-element_type=\"column\" data-e-type=\"column\">\n\t\t\t<div class=\"elementor-widget-wrap elementor-element-populated\">\n\t\t\t\t\t\t<div class=\"elementor-element elementor-element-250860d elementor-widget elementor-widget-text-editor\" data-id=\"250860d\" data-element_type=\"widget\" data-e-type=\"widget\" data-widget_type=\"text-editor.default\">\n\t\t\t\t<div class=\"elementor-widget-container\">\n\t\t\t\t\t\t\t\t\t<p style=\"font-weight: 400;\">Sie sind sicherlich schon einmal auf den Gedanken gekommen: Wie w\u00e4re es, wenn die Zukunft der Mobilit\u00e4t vollst\u00e4ndig automatisiert ist? Was bedeutet das f\u00fcr unseren Alltag und welche Vorteile bietet eine solche L\u00f6sung im Vergleich zu herk\u00f6mmlichen Fahrzeugen?<\/p><p style=\"font-weight: 400;\">Dies ist keine hypothetische Frage mehr. Die E-Mobilit\u00e4t und das autonome Fahren im \u00f6ffentlichen Personennahverkehr stecken noch in den Kinderschuhen. Forschungsprojekte befassen sich bereits mit dem Thema, aber noch gibt es nur sehr wenige kommerziell verf\u00fcgbare Autos und Busse. Dennoch ist die Vision von autonom fahrenden Autos langsam Realit\u00e4t &#8211; mit unterschiedlichem Erfolg.<\/p><div><p>Der \u00f6ffentliche Personen-Nahverkehr nimmt in Gro\u00dfst\u00e4dten einen stetig wachsenden Stellenwert ein. Gerade in den Randbereichen weist der \u00d6PNV allerdings immer noch L\u00fccken auf, die Versorgung der Bereiche ist &#8211; gerade ausserhalb der Sto\u00dfzeiten &#8211; noch nicht auf Wunschniveau. Diesem Umstand tr\u00e4gt das Forschungsprojekt ABSOLUT Rechnung.<\/p><\/div><div><p>ABSOLUT &#8211; das bedeutet\u00a0<span style=\"text-decoration: underline;\"><strong>A<\/strong><\/span>utomatischer<span class=\"apple-converted-space\">\u00a0<\/span><span style=\"text-decoration: underline;\"><strong>B<\/strong><\/span>usshuttle<span class=\"apple-converted-space\">\u00a0<\/span><span style=\"text-decoration: underline;\"><strong>s<\/strong><\/span>elbst<span style=\"text-decoration: underline;\"><strong>o<\/strong><\/span>rganisierend zwischen<span class=\"apple-converted-space\">\u00a0<\/span><span style=\"text-decoration: underline;\"><strong>L<\/strong><\/span>eipzig<span class=\"apple-converted-space\">\u00a0<\/span><span style=\"text-decoration: underline;\"><strong>u<\/strong><\/span>nd dem BMW-<span style=\"text-decoration: underline;\"><strong>T<\/strong><\/span>erminal.<\/p><\/div><div><p>Die Begriffsbestimmung gibt jedoch nur einen kleinen Teil des gesteckten Zieles wieder.<\/p><\/div><p style=\"font-weight: 400;\">Gerade in Zeiten von Klimawandel und Fachkr\u00e4ftemangel erh\u00e4lt das Thema autonomes Fahren mit E-Mobilen einen Aufschwung, der durch dieses Forschungsthema unterstrichen wird.<\/p><p style=\"font-weight: 400;\">Das Forschungsthema ABSOLUT befasst sich mit der Schaffung einer L\u00f6sung zum Nachweis der Realisierbarkeit eines autonom fahrenden Shuttles in vom \u00d6PNV unterversorgten Au\u00dfenbezirken von Gro\u00dfst\u00e4dten. Daf\u00fcr wurde ein Kleinbus mit entsprechender Technik ausger\u00fcstet und so zum autonom fahrenden Shuttle mit reinem Elektroantrieb auf Batteriebasis umgebaut. F\u00fcr den individuellen Fahrbetrieb wurde eine Softwarel\u00f6sung erstellt, die es erm\u00f6glicht, pers\u00f6nliche Fahrten des Shuttles per Smartphone-App zu buchen, analog einem Taxiruf.<\/p>\t\t\t\t\t\t\t\t<\/div>\n\t\t\t\t<\/div>\n\t\t\t\t\t<\/div>\n\t\t<\/div>\n\t\t\t\t\t<\/div>\n\t\t<\/section>\n\t\t\t\t<section class=\"elementor-section elementor-top-section elementor-element elementor-element-6a8d01d elementor-section-boxed elementor-section-height-default elementor-section-height-default\" data-id=\"6a8d01d\" data-element_type=\"section\" data-e-type=\"section\">\n\t\t\t\t\t\t<div class=\"elementor-container elementor-column-gap-default\">\n\t\t\t\t\t<div class=\"elementor-column elementor-col-50 elementor-top-column elementor-element elementor-element-26cbcb4\" data-id=\"26cbcb4\" data-element_type=\"column\" data-e-type=\"column\">\n\t\t\t<div class=\"elementor-widget-wrap elementor-element-populated\">\n\t\t\t\t\t\t<div class=\"elementor-element elementor-element-f879a45 elementor-button-info elementor-widget elementor-widget-button\" data-id=\"f879a45\" data-element_type=\"widget\" data-e-type=\"widget\" data-widget_type=\"button.default\">\n\t\t\t\t<div class=\"elementor-widget-container\">\n\t\t\t\t\t\t\t\t\t<div class=\"elementor-button-wrapper\">\n\t\t\t\t\t<a class=\"elementor-button elementor-button-link elementor-size-sm\" href=\"https:\/\/www.l.de\/presse\/meldung\/innovationsprojekt-absolut-startet-7325\/\" target=\"_blank\" id=\"absolut-presse\">\n\t\t\t\t\t\t<span class=\"elementor-button-content-wrapper\">\n\t\t\t\t\t\t<span class=\"elementor-button-icon\">\n\t\t\t\t<i aria-hidden=\"true\" class=\"fas fa-thumbs-up\"><\/i>\t\t\t<\/span>\n\t\t\t\t\t\t\t\t\t<span class=\"elementor-button-text\">ABSOLUT - Pressemitteilungen<\/span>\n\t\t\t\t\t<\/span>\n\t\t\t\t\t<\/a>\n\t\t\t\t<\/div>\n\t\t\t\t\t\t\t\t<\/div>\n\t\t\t\t<\/div>\n\t\t\t\t\t<\/div>\n\t\t<\/div>\n\t\t\t\t<div class=\"elementor-column elementor-col-50 elementor-top-column elementor-element elementor-element-c3c7a64\" data-id=\"c3c7a64\" data-element_type=\"column\" data-e-type=\"column\">\n\t\t\t<div class=\"elementor-widget-wrap elementor-element-populated\">\n\t\t\t\t\t\t<div class=\"elementor-element elementor-element-ad664a3 elementor-widget elementor-widget-text-editor\" data-id=\"ad664a3\" data-element_type=\"widget\" data-e-type=\"widget\" data-widget_type=\"text-editor.default\">\n\t\t\t\t<div class=\"elementor-widget-container\">\n\t\t\t\t\t\t\t\t\t<p style=\"text-align: left;\">Das Projekt ABSOLUT in den Pressemitteilungen \u00a0(<span style=\"font-family: Roboto, sans-serif; font-size: 16px; font-style: normal; font-variant-caps: normal;\">\u00f6ffnet ein neues Fenster<\/span>\u00a0auf die Website\u00a0<span style=\"font-family: Roboto, sans-serif; font-size: 16px; font-style: normal; font-variant-caps: normal; color: var( --e-global-color-text );\">der L-Gruppe)\u00a0<\/span><\/p>\t\t\t\t\t\t\t\t<\/div>\n\t\t\t\t<\/div>\n\t\t\t\t\t<\/div>\n\t\t<\/div>\n\t\t\t\t\t<\/div>\n\t\t<\/section>\n\t\t\t\t<section class=\"elementor-section elementor-top-section elementor-element elementor-element-49faeda elementor-section-boxed elementor-section-height-default elementor-section-height-default\" data-id=\"49faeda\" data-element_type=\"section\" data-e-type=\"section\" data-settings=\"{&quot;background_background&quot;:&quot;gradient&quot;}\">\n\t\t\t\t\t\t<div class=\"elementor-container elementor-column-gap-default\">\n\t\t\t\t\t<div class=\"elementor-column elementor-col-33 elementor-top-column elementor-element elementor-element-83e54d6\" data-id=\"83e54d6\" data-element_type=\"column\" data-e-type=\"column\">\n\t\t\t<div class=\"elementor-widget-wrap elementor-element-populated\">\n\t\t\t\t\t\t<div class=\"elementor-element elementor-element-e2dc14a elementor-widget elementor-widget-text-editor\" data-id=\"e2dc14a\" data-element_type=\"widget\" data-e-type=\"widget\" data-widget_type=\"text-editor.default\">\n\t\t\t\t<div class=\"elementor-widget-container\">\n\t\t\t\t\t\t\t\t\t<span style=\"color: #bfbfbf;\">glts cotech GmbH<\/span>\t\t\t\t\t\t\t\t<\/div>\n\t\t\t\t<\/div>\n\t\t\t\t<div class=\"elementor-element elementor-element-9d0a0c5 elementor-widget elementor-widget-text-editor\" data-id=\"9d0a0c5\" data-element_type=\"widget\" data-e-type=\"widget\" data-widget_type=\"text-editor.default\">\n\t\t\t\t<div class=\"elementor-widget-container\">\n\t\t\t\t\t\t\t\t\t<p><span style=\"color: #bfbfbf;\">Handelsplatz 1 b<\/span><br \/><span style=\"color: #bfbfbf;\">04319 Leipzig<\/span><br \/><span style=\"color: #bfbfbf;\">Tel. +49 341 6514405<\/span><br \/><span style=\"color: #bfbfbf;\">info@glts-cotech.de<\/span><\/p>\t\t\t\t\t\t\t\t<\/div>\n\t\t\t\t<\/div>\n\t\t\t\t\t<\/div>\n\t\t<\/div>\n\t\t\t\t<div class=\"elementor-column elementor-col-33 elementor-top-column elementor-element elementor-element-dcc13c4\" data-id=\"dcc13c4\" data-element_type=\"column\" data-e-type=\"column\">\n\t\t\t<div class=\"elementor-widget-wrap elementor-element-populated\">\n\t\t\t\t\t\t<div class=\"elementor-element elementor-element-c9e320e elementor-widget elementor-widget-text-editor\" data-id=\"c9e320e\" data-element_type=\"widget\" data-e-type=\"widget\" data-widget_type=\"text-editor.default\">\n\t\t\t\t<div class=\"elementor-widget-container\">\n\t\t\t\t\t\t\t\t\t<p><a href=\"https:\/\/www.glts-cotech.de\/\"><span style=\"color: #bfbfbf;\">Schnell ans Ziel<\/span><\/a><\/p>\t\t\t\t\t\t\t\t<\/div>\n\t\t\t\t<\/div>\n\t\t\t\t<div class=\"elementor-element elementor-element-04204a8 elementor-widget elementor-widget-text-editor\" data-id=\"04204a8\" data-element_type=\"widget\" data-e-type=\"widget\" data-widget_type=\"text-editor.default\">\n\t\t\t\t<div class=\"elementor-widget-container\">\n\t\t\t\t\t\t\t\t\t<p><span style=\"color: #bfbfbf;\"><a style=\"color: #bfbfbf;\" href=\"\/?page_id=55\">Unternehmen<\/a><\/span><br \/><span style=\"color: #bfbfbf;\"><a style=\"color: #bfbfbf;\" href=\"\/?page_id=64\">Job &amp; Karriere<\/a><\/span><br \/><span style=\"color: #bfbfbf;\"><a style=\"color: #bfbfbf;\" href=\"\/?page_id=68\">F\u00f6rderung<\/a><\/span><br \/><span style=\"color: #bfbfbf;\"><a style=\"color: #bfbfbf;\" href=\"\/?page_id=61\">Service &amp; Support<\/a><\/span><\/p>\t\t\t\t\t\t\t\t<\/div>\n\t\t\t\t<\/div>\n\t\t\t\t\t<\/div>\n\t\t<\/div>\n\t\t\t\t<div class=\"elementor-column elementor-col-33 elementor-top-column elementor-element elementor-element-d5c7592\" data-id=\"d5c7592\" data-element_type=\"column\" data-e-type=\"column\">\n\t\t\t<div class=\"elementor-widget-wrap elementor-element-populated\">\n\t\t\t\t\t\t<div class=\"elementor-element elementor-element-23f4c43 elementor-widget elementor-widget-text-editor\" data-id=\"23f4c43\" data-element_type=\"widget\" data-e-type=\"widget\" data-widget_type=\"text-editor.default\">\n\t\t\t\t<div class=\"elementor-widget-container\">\n\t\t\t\t\t\t\t\t\t<p><span style=\"color: #ffffff;\"><span style=\"color: #bfbfbf;\"><a style=\"color: #bfbfbf;\" href=\"\/?page_id=58\">Produktbereiche<\/a><\/span><\/span><\/p>\t\t\t\t\t\t\t\t<\/div>\n\t\t\t\t<\/div>\n\t\t\t\t<div class=\"elementor-element elementor-element-dfe90da elementor-widget elementor-widget-text-editor\" data-id=\"dfe90da\" data-element_type=\"widget\" data-e-type=\"widget\" data-widget_type=\"text-editor.default\">\n\t\t\t\t<div class=\"elementor-widget-container\">\n\t\t\t\t\t\t\t\t\t<p><span style=\"color: #bfbfbf;\"><a style=\"color: #bfbfbf;\" href=\"\/?page_id=60\">Disposition &amp; Steuerung<\/a><\/span><br \/><span style=\"color: #bfbfbf;\"><a style=\"color: #bfbfbf;\" href=\"\/?page_id=71\">Prozessmonitoring<\/a><\/span><br \/><span style=\"color: #bfbfbf;\"><a style=\"color: #bfbfbf;\" href=\"\/?page_id=72\">QS &amp; Prozessdokumentation<\/a><\/span><br \/><span style=\"color: #bfbfbf;\"><a style=\"color: #bfbfbf;\" href=\"\/?page_id=501\">Individuelle L\u00f6sungen<\/a><\/span><br \/><span style=\"color: #bfbfbf;\"><a style=\"color: #bfbfbf;\" href=\"\/?page_id=74\">Smartphones f\u00fcr die Logistik &amp; MDM<\/a><\/span><br \/><span style=\"color: #bfbfbf;\"><a style=\"color: #bfbfbf;\" href=\"\/?page_id=75\">Digitale Strategien<\/a><\/span><\/p>\t\t\t\t\t\t\t\t<\/div>\n\t\t\t\t<\/div>\n\t\t\t\t\t<\/div>\n\t\t<\/div>\n\t\t\t\t\t<\/div>\n\t\t<\/section>\n\t\t\t\t<\/div>\n\t\t","protected":false},"excerpt":{"rendered":"<p>Forschungsprojekt ABSOLUT Sie sind sicherlich schon einmal auf den Gedanken gekommen: Wie w\u00e4re es, wenn die Zukunft der Mobilit\u00e4t vollst\u00e4ndig automatisiert ist? Was bedeutet das f\u00fcr unseren Alltag und welche Vorteile bietet eine solche L\u00f6sung im Vergleich zu herk\u00f6mmlichen Fahrzeugen? Dies ist keine hypothetische Frage mehr. Die E-Mobilit\u00e4t und das autonome Fahren im \u00f6ffentlichen Personennahverkehr [&hellip;]<\/p>\n","protected":false},"author":3,"featured_media":0,"parent":0,"menu_order":0,"comment_status":"closed","ping_status":"closed","template":"","meta":{"ocean_post_layout":"full-screen","ocean_both_sidebars_style":"","ocean_both_sidebars_content_width":0,"ocean_both_sidebars_sidebars_width":0,"ocean_sidebar":"0","ocean_second_sidebar":"0","ocean_disable_margins":"enable","ocean_add_body_class":"","ocean_shortcode_before_top_bar":"","ocean_shortcode_after_top_bar":"","ocean_shortcode_before_header":"","ocean_shortcode_after_header":"","ocean_has_shortcode":"","ocean_shortcode_after_title":"","ocean_shortcode_before_footer_widgets":"","ocean_shortcode_after_footer_widgets":"","ocean_shortcode_before_footer_bottom":"","ocean_shortcode_after_footer_bottom":"","ocean_display_top_bar":"default","ocean_display_header":"on","ocean_header_style":"","ocean_center_header_left_menu":"0","ocean_custom_header_template":"0","ocean_custom_logo":0,"ocean_custom_retina_logo":0,"ocean_custom_logo_max_width":0,"ocean_custom_logo_tablet_max_width":0,"ocean_custom_logo_mobile_max_width":0,"ocean_custom_logo_max_height":0,"ocean_custom_logo_tablet_max_height":0,"ocean_custom_logo_mobile_max_height":0,"ocean_header_custom_menu":"0","ocean_menu_typo_font_family":"0","ocean_menu_typo_font_subset":"","ocean_menu_typo_font_size":0,"ocean_menu_typo_font_size_tablet":0,"ocean_menu_typo_font_size_mobile":0,"ocean_menu_typo_font_size_unit":"px","ocean_menu_typo_font_weight":"","ocean_menu_typo_font_weight_tablet":"","ocean_menu_typo_font_weight_mobile":"","ocean_menu_typo_transform":"","ocean_menu_typo_transform_tablet":"","ocean_menu_typo_transform_mobile":"","ocean_menu_typo_line_height":0,"ocean_menu_typo_line_height_tablet":0,"ocean_menu_typo_line_height_mobile":0,"ocean_menu_typo_line_height_unit":"","ocean_menu_typo_spacing":0,"ocean_menu_typo_spacing_tablet":0,"ocean_menu_typo_spacing_mobile":0,"ocean_menu_typo_spacing_unit":"","ocean_menu_link_color":"","ocean_menu_link_color_hover":"","ocean_menu_link_color_active":"","ocean_menu_link_background":"","ocean_menu_link_hover_background":"","ocean_menu_link_active_background":"","ocean_menu_social_links_bg":"","ocean_menu_social_hover_links_bg":"","ocean_menu_social_links_color":"","ocean_menu_social_hover_links_color":"","ocean_disable_title":"on","ocean_disable_heading":"default","ocean_post_title":"","ocean_post_subheading":"","ocean_post_title_style":"","ocean_post_title_background_color":"","ocean_post_title_background":0,"ocean_post_title_bg_image_position":"","ocean_post_title_bg_image_attachment":"","ocean_post_title_bg_image_repeat":"","ocean_post_title_bg_image_size":"","ocean_post_title_height":0,"ocean_post_title_bg_overlay":0.5,"ocean_post_title_bg_overlay_color":"","ocean_disable_breadcrumbs":"default","ocean_breadcrumbs_color":"","ocean_breadcrumbs_separator_color":"","ocean_breadcrumbs_links_color":"","ocean_breadcrumbs_links_hover_color":"","ocean_display_footer_widgets":"default","ocean_display_footer_bottom":"default","ocean_custom_footer_template":"0","footnotes":""},"class_list":["post-956","page","type-page","status-publish","hentry","entry"],"_links":{"self":[{"href":"https:\/\/www.glts-cotech.de\/index.php?rest_route=\/wp\/v2\/pages\/956","targetHints":{"allow":["GET"]}}],"collection":[{"href":"https:\/\/www.glts-cotech.de\/index.php?rest_route=\/wp\/v2\/pages"}],"about":[{"href":"https:\/\/www.glts-cotech.de\/index.php?rest_route=\/wp\/v2\/types\/page"}],"author":[{"embeddable":true,"href":"https:\/\/www.glts-cotech.de\/index.php?rest_route=\/wp\/v2\/users\/3"}],"replies":[{"embeddable":true,"href":"https:\/\/www.glts-cotech.de\/index.php?rest_route=%2Fwp%2Fv2%2Fcomments&post=956"}],"version-history":[{"count":96,"href":"https:\/\/www.glts-cotech.de\/index.php?rest_route=\/wp\/v2\/pages\/956\/revisions"}],"predecessor-version":[{"id":5512,"href":"https:\/\/www.glts-cotech.de\/index.php?rest_route=\/wp\/v2\/pages\/956\/revisions\/5512"}],"wp:attachment":[{"href":"https:\/\/www.glts-cotech.de\/index.php?rest_route=%2Fwp%2Fv2%2Fmedia&parent=956"}],"curies":[{"name":"wp","href":"https:\/\/api.w.org\/{rel}","templated":true}]}}